{"id":3929,"date":"2022-06-29T17:18:44","date_gmt":"2022-06-29T15:18:44","guid":{"rendered":"https:\/\/www.medicsintegralsalut.com\/bases-legals-de-participacio-al-sorteig\/"},"modified":"2022-06-29T17:18:44","modified_gmt":"2022-06-29T15:18:44","slug":"bases-legals-de-participacio-al-sorteig","status":"publish","type":"page","link":"https:\/\/www.medicsintegralsalut.com\/ca\/bases-legals-de-participacio-al-sorteig\/","title":{"rendered":"Bases legals de participaci\u00f3 al sorteig"},"content":{"rendered":"<p><strong>BASES LEGALS DE PARTICIPACI\u00d3 AL SORTEIG<\/strong><\/p>\n<p><strong>1.- EMPRESA ORGANITZADORA DE LA PROMOCI\u00d3<\/strong><\/p>\n<p>L&#8217;Empresa VIOLET GRUP MEDIC S.L., amb CIF: B-55216196, inscrita al Registre Mercantil de Girona, al Tom 22997, Foli 1, Full N\u00famero GI57301, Inscripci\u00f3 1, i amb domicili fiscal Pla\u00e7a Poeta Marquina 3, 17 organitza el sorteig (d&#8217;ara endavant, \u201cla promoci\u00f3\u201d) d&#8217;\u00e0mbit nacional, a desenvolupar a trav\u00e9s d&#8217;Internet, exclusiu per a usuaris residents a [Girona] d&#8217;acord amb el que disposa l&#8217;apartat requisits de participaci\u00f3.<\/p>\n<p>La finalitat del sorteig \u00e9s premiar la fidelitat dels seguidors de la marca.<\/p>\n<p><strong>2.-DATA D&#8217;INICI I DATA DE FINALITZACI\u00d3<\/strong><\/p>\n<p>La promoci\u00f3 s&#8217;iniciar\u00e0 el 7\/07\/2022 a les 18h, i finalitzar\u00e0 el dia 27\/07\/2022.<\/p>\n<p>L&#8217;Empresa es reserva la facultat de no procedir a dur a terme l&#8217;acci\u00f3 promocional si per a la data reflectida de comen\u00e7ament de la mateixa no s&#8217;ha registrat una participaci\u00f3 superior a 100. De la mateixa manera, l&#8217;Empresa podr\u00e0 estendre la terminaci\u00f3 de l&#8217;acci\u00f3 promocional per 1 setmanes m\u00e9s, sent la nova data de finalitzaci\u00f3 27 de juliol de 2022 en cas que es registri un nombre major de 90 participaci\u00f3.<\/p>\n<p><strong>3.-REQUISITS DE PARTICIPACI\u00d3 I MEC\u00c0NICA DE LA PROMOCI\u00d3<\/strong><\/p>\n<p>2<br \/>\nEls requisits de participaci\u00f3 seran els seg\u00fcents:<\/p>\n<p>&#8211; Podran participar aquelles persones que resideixin a Girona i siguin majors de 18 anys<\/p>\n<p>&#8211; Nom\u00e9s podran participar aquells Participants que siguin titulars d&#8217;un compte a Instagram \/ FB<\/p>\n<p>&#8211; Els Participants hauran de comentar la publicaci\u00f3 de la marca a la xarxa social\u00a0Instagram \/ FB\u00a0etiquetant 3 amics durant el per\u00edode de participaci\u00f3.<\/p>\n<p>&#8211; Els participants nom\u00e9s podran participar amb un \u00fanic perfil d&#8217;Instagram\/FB. Si es detecta que un participant participa amb diversos perfils d&#8217;Instagram\/FB seran desqualificats.<\/p>\n<p>&#8211; Encara que els Participants escriguin diversos comentaris en una mateixa publicaci\u00f3, nom\u00e9s participaran amb una \u00fanica participaci\u00f3 en el sorteig aleatori.<\/p>\n<p>&#8211; L&#8217;aplicaci\u00f3 acumular\u00e0 mencions i hashtags d&#8217;un mateix participant, encara que estiguin en comentaris diferents.<\/p>\n<p><strong>4.- CONDICIONS DE LA PROMOCI\u00d3 I PREMIS<\/strong><\/p>\n<p>El guanyador ser\u00e0 comunicat a trav\u00e9s dels perfils socials de la marca, juntament amb el certificat de validesa del sorteig.<\/p>\n<p>El premi consistir\u00e0 en UN TRACTAMENT D&#8217;AUGMENT DE LLAVIS. El premi no es podr\u00e0 bescanviar per diners en met\u00e0l\u00b7lic o per qualsevol altre premi, ni pot ser objecte de canvi o alteraci\u00f3. L&#8217;Empresa es guarda el dret de modificar el premi si al dia de declarar al participant com a guanyador existissin problemes de <em>stock <\/em>del mateix i, per tant, impossibilitat de poder-ne donar.<\/p>\n<p>El guanyador podr\u00e0 contactar amb l&#8217;Empresa durant el termini de 10 de dies a comptar de la data en qu\u00e8 s&#8217;anunci\u00ef al perfil social de la marca. En cas que en el termini estipulat no es produ\u00eds aquest contacte es procedir\u00e0 a declarar el sorteig desert o assignar un altre guanyador, segons prefer\u00e8ncia.<\/p>\n<p>La celebraci\u00f3 del sorteig, aix\u00ed com la concessi\u00f3 del premi queden subjectes a la normativa fiscal vigent.<\/p>\n<p>3<\/p>\n<p><strong>5.- DESQUALIFICACIONS I PENALITZACIONS<\/strong><\/p>\n<p>Si s&#8217;evidencia que qualsevol dels Participants no compleix els requisits exigits a les Bases, o les dades proporcionades per participar no fossin v\u00e0lids, la seva participaci\u00f3 es considerar\u00e0 nul\u00b7la i quedaran autom\u00e0ticament exclosos de la Promoci\u00f3 perdent tot dret sobre els premis atorgats en virtut de aquesta\u00a0Promoci\u00f3.<\/p>\n<p>L&#8217;empresa es reserva el dret de declarar el sorteig desert.<\/p>\n<p><strong>6.- PUBLICACI\u00d3 DE COMENTARIS O OPINIONS<\/strong><\/p>\n<p>No es permetran comentaris o opinions el contingut dels quals es consideri inadequat, que siguin ofensius, injuriosos o discriminatoris o que poguessin vulnerar drets de tercers. Tampoc no es permetran comentaris contra un particular que vulnerin els principis de dret a l&#8217;honor, a la intimitat personal i familiar ia la pr\u00f2pia imatge.<\/p>\n<p>No ens responsabilitzarem dels danys ocasionats pels comentaris que facin els Participants a la Promoci\u00f3, i que en qualsevol moment poguessin ferir la sensibilitat d&#8217;altres Participants.<\/p>\n<p>La participaci\u00f3 en la present Promoci\u00f3, aix\u00ed com la publicaci\u00f3 dels comentaris que es realitzin per part dels Participants a les publicacions no podran vulnerar sota cap concepte les Regles comunit\u00e0ries d&#8217;Instagram ni les Condicions d&#8217;\u00fas d&#8217;Instagram \/ FB<\/p>\n<p>Si es descobr\u00eds per part de l&#8217;Empresa l&#8217;\u00fas de mitjans fraudulents per a la participaci\u00f3, com ara l&#8217;\u00fas de <em>bots<\/em> en els comentarisios, el premio no le ser\u00e1\u00a0adjudicado y seguir\u00e1 siendo propiedad de la Empresa.<\/p>\n<p><strong>7.-EXONERACI\u00d3 DE RESPONSABILITAT<\/strong><\/p>\n<p>A t\u00edtol enunciatiu, per\u00f2 no limitatiu, no ens responsabilitzem de les possibles p\u00e8rdues, robatoris, retards o qualsevol altra circumst\u00e0ncia imputable a tercers que puguin afectar el desenvolupament de la present Promoci\u00f3, aix\u00ed com tampoc ens responsabilitzem de l&#8217;\u00fas que faci el Participant respecte del premi que obtingui\u00a0d&#8217;aquesta Promoci\u00f3.<\/p>\n<p>No assumim la responsabilitat en casos de for\u00e7a major o cas fortu\u00eft que poguessin impedir la realitzaci\u00f3 de la Promoci\u00f3 o el gaudi total o parcial del premi.<\/p>\n<p>En cas que aquesta Promoci\u00f3 no pogu\u00e9s realitzar-se, b\u00e9 per fraus detectats en ella mateixa, errors t\u00e8cnics, o qualsevol altre motiu que no estigui sota el control de l&#8217;Empresa i que afecti el normal desenvolupament del Concurs, ens reservem el dret a cancel\u00b7lar, modificar, o suspendre-la, incloent-hi la p\u00e0gina web de participaci\u00f3.<\/p>\n<p>4<\/p>\n<p><strong>8.- PROTECCI\u00d3 DE DADES PERSONALS<\/strong><\/p>\n<p>L&#8217;Empresa responsable del tractament de les seves dades \u00e9s VIOLET GRUP MEDIC S.L., amb CIF: B-55216196, inscrita al Registre Mercantil de Girona, al Tom 22997, Foli 1, Full N\u00famero GI57301, Inscripci\u00f3 1, i amb domicili fiscal Pla\u00e7a Poeta Marquina 3. 17002, GIRONA,<\/p>\n<p>De conformitat amb el que estableix el Reglament General de Protecci\u00f3 de Dades, cada participant amb <strong>l&#8217;acceptaci\u00f3 d&#8217;aquestes Bases Legals consent que les seves dades personals siguin incorporades a un fitxer, titularitat d&#8217;aquesta, amb la finalitat de gestionar el sorteig, aix\u00ed com difondre i donar publicitat als seus resultats, i tramitar la lliura del premi, i la<\/strong> <strong>cessi\u00f3 d&#8217;imatges per publicar el resultat del tractament a les xarxes socials i la nostra p\u00e0gina web.<\/strong><\/p>\n<p>Us informem que podeu exercir els vostres drets d&#8217;Acc\u00e9s, Rectificaci\u00f3, Supressi\u00f3, Oposici\u00f3, Limitaci\u00f3 del tractament, Portabilitat, oblit ia no ser objecte de decisions individuals automatitzades mitjan\u00e7ant l&#8217;enviament d&#8217;un e-mail a info@medicsintegralsalut.com o b\u00e9 mitjan\u00e7ant carta dirigida a la seg\u00fcent adre\u00e7a: Pla\u00e7a Poeta Marquina 3. 17002, GIRONA, adjuntant en ambd\u00f3s casos c\u00f2pia d&#8217;un document identificatiu.<\/p>\n<p>\u00c9s per aix\u00f2 que el Participant declara haver estat informat de les condicions sobre protecci\u00f3 de dades personals acceptant i consentint el tractament.<\/p>\n<p><strong>9.- CAMBIS I ACCEPTACI\u00d3<\/strong><\/p>\n<p>Ens reservem el dret de modificar o ampliar aquestes bases promocionals, en la mesura que no perjudiqui o menyscabi els drets dels Participants a la Promoci\u00f3.<\/p>\n<p>El mer fet de participar al sorteig implica que el Participant accepta totalment les condicions d&#8217;aquestes Bases Legals.<\/p>\n<p>Aix\u00ed mateix, la participaci\u00f3 en un sorteig d&#8217;aquesta naturalesa suposa l&#8217;acceptaci\u00f3 que en funci\u00f3 de la valoraci\u00f3 que faci el nostre especialista m\u00e8dic.<\/p>\n<p>Accepta les normes de la xarxa social Instagram\/FB a trav\u00e9s del qual es desenvolupa el mateix.<\/p>\n<p><strong>10.- LEGISLACI\u00d3 APLICABLE I JURISDICCI\u00d3<\/strong><\/p>\n<p>Aquestes bases legals es regeixen de conformitat amb la llei espanyola. Seran competents per resoldre qualsevol reclamaci\u00f3 o controv\u00e8rsia que pogu\u00e9s plantejar-se en relaci\u00f3 amb la validesa, interpretaci\u00f3 o compliment d&#8217;aquestes bases els Jutjats i Tribunals de la ciutat de resid\u00e8ncia del Participant.<\/p>\n","protected":false},"excerpt":{"rendered":"<p>BASES LEGALS DE PARTICIPACI\u00d3 AL SORTEIG 1.- EMPRESA ORGANITZADORA DE LA PROMOCI\u00d3 L&#8217;Empresa VIOLET GRUP MEDIC S.L., amb CIF: B-55216196, inscrita al Registre Mercantil de Girona, al Tom 22997, Foli 1, Full N\u00famero GI57301, Inscripci\u00f3 1, i amb domicili fiscal Pla\u00e7a Poeta Marquina 3, 17&#8230;<\/p>\n","protected":false},"author":3,"featured_media":0,"parent":0,"menu_order":0,"comment_status":"closed","ping_status":"closed","template":"","meta":{"footnotes":""},"class_list":["post-3929","page","type-page","status-publish","hentry"],"acf":[],"yoast_head":"<!-- This site is optimized with the Yoast SEO plugin v24.0 - https:\/\/yoast.com\/wordpress\/plugins\/seo\/ -->\n<title>Bases legals de participaci\u00f3 al sorteig - MedicsIntegralSalut<\/title>\n<meta name=\"robots\" content=\"index, follow, max-snippet:-1, max-image-preview:large, max-video-preview:-1\" \/>\n<link rel=\"canonical\" href=\"https:\/\/www.medicsintegralsalut.com\/ca\/bases-legals-de-participacio-al-sorteig\/\" \/>\n<meta property=\"og:locale\" content=\"ca_ES\" \/>\n<meta property=\"og:type\" content=\"article\" \/>\n<meta property=\"og:title\" content=\"Bases legals de participaci\u00f3 al sorteig - MedicsIntegralSalut\" \/>\n<meta property=\"og:description\" content=\"BASES LEGALS DE PARTICIPACI\u00d3 AL SORTEIG 1.- EMPRESA ORGANITZADORA DE LA PROMOCI\u00d3 L&#8217;Empresa VIOLET GRUP MEDIC S.L., amb CIF: B-55216196, inscrita al Registre Mercantil de Girona, al Tom 22997, Foli 1, Full N\u00famero GI57301, Inscripci\u00f3 1, i amb domicili fiscal Pla\u00e7a Poeta Marquina 3, 17...\" \/>\n<meta property=\"og:url\" content=\"https:\/\/www.medicsintegralsalut.com\/ca\/bases-legals-de-participacio-al-sorteig\/\" \/>\n<meta property=\"og:site_name\" content=\"MedicsIntegralSalut\" \/>\n<meta name=\"twitter:card\" content=\"summary_large_image\" \/>\n<meta name=\"twitter:label1\" content=\"Temps estimat de lectura\" \/>\n\t<meta name=\"twitter:data1\" content=\"6 minuts\" \/>\n<script type=\"application\/ld+json\" class=\"yoast-schema-graph\">{\"@context\":\"https:\/\/schema.org\",\"@graph\":[{\"@type\":\"WebPage\",\"@id\":\"https:\/\/www.medicsintegralsalut.com\/ca\/bases-legals-de-participacio-al-sorteig\/\",\"url\":\"https:\/\/www.medicsintegralsalut.com\/ca\/bases-legals-de-participacio-al-sorteig\/\",\"name\":\"Bases legals de participaci\u00f3 al sorteig - MedicsIntegralSalut\",\"isPartOf\":{\"@id\":\"https:\/\/www.medicsintegralsalut.com\/ca\/#website\"},\"datePublished\":\"2022-06-29T15:18:44+00:00\",\"dateModified\":\"2022-06-29T15:18:44+00:00\",\"breadcrumb\":{\"@id\":\"https:\/\/www.medicsintegralsalut.com\/ca\/bases-legals-de-participacio-al-sorteig\/#breadcrumb\"},\"inLanguage\":\"ca\",\"potentialAction\":[{\"@type\":\"ReadAction\",\"target\":[\"https:\/\/www.medicsintegralsalut.com\/ca\/bases-legals-de-participacio-al-sorteig\/\"]}]},{\"@type\":\"BreadcrumbList\",\"@id\":\"https:\/\/www.medicsintegralsalut.com\/ca\/bases-legals-de-participacio-al-sorteig\/#breadcrumb\",\"itemListElement\":[{\"@type\":\"ListItem\",\"position\":1,\"name\":\"Portada\",\"item\":\"https:\/\/www.medicsintegralsalut.com\/ca\/\"},{\"@type\":\"ListItem\",\"position\":2,\"name\":\"Bases legals de participaci\u00f3 al sorteig\"}]},{\"@type\":\"WebSite\",\"@id\":\"https:\/\/www.medicsintegralsalut.com\/ca\/#website\",\"url\":\"https:\/\/www.medicsintegralsalut.com\/ca\/\",\"name\":\"MedicsIntegralSalut\",\"description\":\"Cirug\u00eda est\u00e9tica\",\"publisher\":{\"@id\":\"https:\/\/www.medicsintegralsalut.com\/ca\/#organization\"},\"potentialAction\":[{\"@type\":\"SearchAction\",\"target\":{\"@type\":\"EntryPoint\",\"urlTemplate\":\"https:\/\/www.medicsintegralsalut.com\/ca\/?s={search_term_string}\"},\"query-input\":{\"@type\":\"PropertyValueSpecification\",\"valueRequired\":true,\"valueName\":\"search_term_string\"}}],\"inLanguage\":\"ca\"},{\"@type\":\"Organization\",\"@id\":\"https:\/\/www.medicsintegralsalut.com\/ca\/#organization\",\"name\":\"MedicsIntegralSalut\",\"url\":\"https:\/\/www.medicsintegralsalut.com\/ca\/\",\"logo\":{\"@type\":\"ImageObject\",\"inLanguage\":\"ca\",\"@id\":\"https:\/\/www.medicsintegralsalut.com\/ca\/#\/schema\/logo\/image\/\",\"url\":\"https:\/\/www.medicsintegralsalut.com\/wp-content\/uploads\/2021\/12\/Logo-web-03_250.png\",\"contentUrl\":\"https:\/\/www.medicsintegralsalut.com\/wp-content\/uploads\/2021\/12\/Logo-web-03_250.png\",\"width\":250,\"height\":99,\"caption\":\"MedicsIntegralSalut\"},\"image\":{\"@id\":\"https:\/\/www.medicsintegralsalut.com\/ca\/#\/schema\/logo\/image\/\"}}]}<\/script>\n<!-- \/ Yoast SEO plugin. -->","yoast_head_json":{"title":"Bases legals de participaci\u00f3 al sorteig - MedicsIntegralSalut","robots":{"index":"index","follow":"follow","max-snippet":"max-snippet:-1","max-image-preview":"max-image-preview:large","max-video-preview":"max-video-preview:-1"},"canonical":"https:\/\/www.medicsintegralsalut.com\/ca\/bases-legals-de-participacio-al-sorteig\/","og_locale":"ca_ES","og_type":"article","og_title":"Bases legals de participaci\u00f3 al sorteig - MedicsIntegralSalut","og_description":"BASES LEGALS DE PARTICIPACI\u00d3 AL SORTEIG 1.- EMPRESA ORGANITZADORA DE LA PROMOCI\u00d3 L&#8217;Empresa VIOLET GRUP MEDIC S.L., amb CIF: B-55216196, inscrita al Registre Mercantil de Girona, al Tom 22997, Foli 1, Full N\u00famero GI57301, Inscripci\u00f3 1, i amb domicili fiscal Pla\u00e7a Poeta Marquina 3, 17...","og_url":"https:\/\/www.medicsintegralsalut.com\/ca\/bases-legals-de-participacio-al-sorteig\/","og_site_name":"MedicsIntegralSalut","twitter_card":"summary_large_image","twitter_misc":{"Temps estimat de lectura":"6 minuts"},"schema":{"@context":"https:\/\/schema.org","@graph":[{"@type":"WebPage","@id":"https:\/\/www.medicsintegralsalut.com\/ca\/bases-legals-de-participacio-al-sorteig\/","url":"https:\/\/www.medicsintegralsalut.com\/ca\/bases-legals-de-participacio-al-sorteig\/","name":"Bases legals de participaci\u00f3 al sorteig - MedicsIntegralSalut","isPartOf":{"@id":"https:\/\/www.medicsintegralsalut.com\/ca\/#website"},"datePublished":"2022-06-29T15:18:44+00:00","dateModified":"2022-06-29T15:18:44+00:00","breadcrumb":{"@id":"https:\/\/www.medicsintegralsalut.com\/ca\/bases-legals-de-participacio-al-sorteig\/#breadcrumb"},"inLanguage":"ca","potentialAction":[{"@type":"ReadAction","target":["https:\/\/www.medicsintegralsalut.com\/ca\/bases-legals-de-participacio-al-sorteig\/"]}]},{"@type":"BreadcrumbList","@id":"https:\/\/www.medicsintegralsalut.com\/ca\/bases-legals-de-participacio-al-sorteig\/#breadcrumb","itemListElement":[{"@type":"ListItem","position":1,"name":"Portada","item":"https:\/\/www.medicsintegralsalut.com\/ca\/"},{"@type":"ListItem","position":2,"name":"Bases legals de participaci\u00f3 al sorteig"}]},{"@type":"WebSite","@id":"https:\/\/www.medicsintegralsalut.com\/ca\/#website","url":"https:\/\/www.medicsintegralsalut.com\/ca\/","name":"MedicsIntegralSalut","description":"Cirug\u00eda est\u00e9tica","publisher":{"@id":"https:\/\/www.medicsintegralsalut.com\/ca\/#organization"},"potentialAction":[{"@type":"SearchAction","target":{"@type":"EntryPoint","urlTemplate":"https:\/\/www.medicsintegralsalut.com\/ca\/?s={search_term_string}"},"query-input":{"@type":"PropertyValueSpecification","valueRequired":true,"valueName":"search_term_string"}}],"inLanguage":"ca"},{"@type":"Organization","@id":"https:\/\/www.medicsintegralsalut.com\/ca\/#organization","name":"MedicsIntegralSalut","url":"https:\/\/www.medicsintegralsalut.com\/ca\/","logo":{"@type":"ImageObject","inLanguage":"ca","@id":"https:\/\/www.medicsintegralsalut.com\/ca\/#\/schema\/logo\/image\/","url":"https:\/\/www.medicsintegralsalut.com\/wp-content\/uploads\/2021\/12\/Logo-web-03_250.png","contentUrl":"https:\/\/www.medicsintegralsalut.com\/wp-content\/uploads\/2021\/12\/Logo-web-03_250.png","width":250,"height":99,"caption":"MedicsIntegralSalut"},"image":{"@id":"https:\/\/www.medicsintegralsalut.com\/ca\/#\/schema\/logo\/image\/"}}]}},"_links":{"self":[{"href":"https:\/\/www.medicsintegralsalut.com\/ca\/wp-json\/wp\/v2\/pages\/3929"}],"collection":[{"href":"https:\/\/www.medicsintegralsalut.com\/ca\/wp-json\/wp\/v2\/pages"}],"about":[{"href":"https:\/\/www.medicsintegralsalut.com\/ca\/wp-json\/wp\/v2\/types\/page"}],"author":[{"embeddable":true,"href":"https:\/\/www.medicsintegralsalut.com\/ca\/wp-json\/wp\/v2\/users\/3"}],"replies":[{"embeddable":true,"href":"https:\/\/www.medicsintegralsalut.com\/ca\/wp-json\/wp\/v2\/comments?post=3929"}],"version-history":[{"count":0,"href":"https:\/\/www.medicsintegralsalut.com\/ca\/wp-json\/wp\/v2\/pages\/3929\/revisions"}],"wp:attachment":[{"href":"https:\/\/www.medicsintegralsalut.com\/ca\/wp-json\/wp\/v2\/media?parent=3929"}],"curies":[{"name":"wp","href":"https:\/\/api.w.org\/{rel}","templated":true}]}}