{"id":4012,"date":"2021-01-26T20:56:59","date_gmt":"2021-01-26T18:56:59","guid":{"rendered":"https:\/\/www.medicsintegralsalut.com\/gabinet-destetica\/recuperador\/"},"modified":"2022-07-28T18:49:15","modified_gmt":"2022-07-28T16:49:15","slug":"recuperador","status":"publish","type":"page","link":"https:\/\/www.medicsintegralsalut.com\/ca\/unitats\/gabinet-destetica\/recuperador\/","title":{"rendered":"Recuperador"},"content":{"rendered":"<p>[vc_row css_animation=&#8221;&#8221; row_type=&#8221;row&#8221; use_row_as_full_screen_section=&#8221;no&#8221; type=&#8221;full_width&#8221; angled_section=&#8221;no&#8221; text_align=&#8221;left&#8221; background_image_as_pattern=&#8221;without_pattern&#8221;][vc_column][vc_row_inner row_type=&#8221;row&#8221; type=&#8221;grid&#8221; text_align=&#8221;left&#8221; css_animation=&#8221;&#8221;][vc_column_inner][vc_column_text el_class=&#8221;h1-interno&#8221;]<\/p>\n<h1 style=\"text-align: center;\">Recuperador<\/h1>\n<p>[\/vc_column_text][vc_separator type=&#8221;small&#8221; position=&#8221;center&#8221; color=&#8221;#f7b844&#8243;][vc_column_text el_class=&#8221;subt-interno&#8221;]<\/p>\n<h3 style=\"text-align: center;\">Excel\u00b7lents resultats sense cirurgia<\/h3>\n<p>[\/vc_column_text][vc_empty_space][\/vc_column_inner][\/vc_row_inner][vc_empty_space][\/vc_column][\/vc_row][vc_row css_animation=&#8221;&#8221; row_type=&#8221;row&#8221; use_row_as_full_screen_section=&#8221;no&#8221; type=&#8221;full_width&#8221; angled_section=&#8221;no&#8221; text_align=&#8221;left&#8221; background_image_as_pattern=&#8221;without_pattern&#8221;][vc_column][vc_row_inner row_type=&#8221;row&#8221; type=&#8221;grid&#8221; text_align=&#8221;left&#8221; css_animation=&#8221;&#8221;][vc_column_inner width=&#8221;1\/2&#8243;][vc_single_image image=&#8221;1505&#8243; img_size=&#8221;full&#8221; alignment=&#8221;center&#8221; qode_css_animation=&#8221;&#8221;][vc_empty_space][\/vc_column_inner][vc_column_inner el_class=&#8221;servicio-listas&#8221; width=&#8221;1\/2&#8243;][vc_empty_space height=&#8221;75&#8243;][vc_column_text el_class=&#8221;subt-interno&#8221;]<\/p>\n<p style=\"text-align: center;\">La flacciditat \u00e9s el cavall de batalla a partir dels 40-50 anys es perd la definici\u00f3 de l&#8217;oval facial i la pell es comen\u00e7a a despenjar, el tractament recupera el teixit conjuntiu.<\/p>\n<p>&nbsp;<\/p>\n<p style=\"text-align: center;\">En aquest tractament utilitzem dos tipus diferents de mascares, combinades amb una de les f\u00f3rmules m\u00e9s riques de Biologique, un alt concentrat antiedat basat en els amino\u00e0cids i potents actius vegetals amb efecte reestructurant\u00a0 tissular, \u00e9s un veritable elixir per a totes les pells.<\/p>\n<p>[\/vc_column_text][vc_empty_space][\/vc_column_inner][\/vc_row_inner][vc_empty_space][\/vc_column][\/vc_row][vc_row css_animation=&#8221;&#8221; row_type=&#8221;row&#8221; use_row_as_full_screen_section=&#8221;no&#8221; type=&#8221;full_width&#8221; angled_section=&#8221;no&#8221; text_align=&#8221;left&#8221; background_image_as_pattern=&#8221;without_pattern&#8221;][vc_column][vc_row_inner row_type=&#8221;row&#8221; type=&#8221;grid&#8221; text_align=&#8221;left&#8221; css_animation=&#8221;&#8221;][vc_column_inner width=&#8221;1\/4&#8243;][\/vc_column_inner][vc_column_inner width=&#8221;1\/2&#8243;][vc_column_text el_class=&#8221;titulo-grande&#8221; css=&#8221;.vc_custom_1612538926560{border-top-width: 1px !important;border-bottom-width: 1px !important;border-top-color: #f7b844 !important;border-top-style: solid !important;border-bottom-color: #f7b844 !important;border-bottom-style: solid !important;}&#8221;]<a href=\"https:\/\/www.medicsintegralsalut.com\/ca\/financament\/\"><img decoding=\"async\" class=\"alignnone size-full wp-image-359\" src=\"https:\/\/www.medicsintegralsalut.com\/wp-content\/uploads\/2019\/10\/mps.jpg\" alt=\"\" width=\"79\" height=\"69\" \/><\/a><\/p>\n<h2 style=\"text-align: center;\"><a href=\"https:\/\/www.medicsintegralsalut.com\/ca\/financament\/\">Finan\u00e7a el teu tractament<\/a><\/h2>\n<p>[\/vc_column_text][vc_empty_space][vc_column_text el_class=&#8221;subt-interno&#8221;]Demana una visita gratuita.<br \/>\nContacta amb nosaltres i t&#8217;atendrem sense comprom\u00eds.[\/vc_column_text][vc_empty_space]\n<div class=\"wpcf7 no-js\" id=\"wpcf7-f4702-o1\" lang=\"ca\" dir=\"ltr\" data-wpcf7-id=\"4702\">\n<div class=\"screen-reader-response\"><p role=\"status\" aria-live=\"polite\" aria-atomic=\"true\"><\/p> <ul><\/ul><\/div>\n<form action=\"\/ca\/wp-json\/wp\/v2\/pages\/4012#wpcf7-f4702-o1\" method=\"post\" class=\"wpcf7-form init cf7_custom_style_1 wpcf7-acceptance-as-validation\" aria-label=\"Formulari de contacte\" novalidate=\"novalidate\" data-status=\"init\">\n<div style=\"display: none;\">\n<input type=\"hidden\" name=\"_wpcf7\" value=\"4702\" \/>\n<input type=\"hidden\" name=\"_wpcf7_version\" value=\"6.0.1\" \/>\n<input type=\"hidden\" name=\"_wpcf7_locale\" value=\"ca\" \/>\n<input type=\"hidden\" name=\"_wpcf7_unit_tag\" value=\"wpcf7-f4702-o1\" \/>\n<input type=\"hidden\" name=\"_wpcf7_container_post\" value=\"0\" \/>\n<input type=\"hidden\" name=\"_wpcf7_posted_data_hash\" value=\"\" \/>\n<input type=\"hidden\" name=\"_wpcf7_recaptcha_response\" value=\"\" \/>\n<\/div>\n<p><span class=\"wpcf7-form-control-wrap\" data-name=\"your-name\"><input size=\"40\" maxlength=\"400\" class=\"wpcf7-form-control wpcf7-text wpcf7-validates-as-required\" aria-required=\"true\" aria-invalid=\"false\" placeholder=\"Nom i cognoms\" value=\"\" type=\"text\" name=\"your-name\" \/><\/span><br \/>\n<span class=\"wpcf7-form-control-wrap\" data-name=\"your-tel\"><input size=\"40\" maxlength=\"400\" class=\"wpcf7-form-control wpcf7-tel wpcf7-validates-as-required wpcf7-text wpcf7-validates-as-tel\" aria-required=\"true\" aria-invalid=\"false\" placeholder=\"Tel\u00e8fon\" value=\"\" type=\"tel\" name=\"your-tel\" \/><\/span><br \/>\n<span class=\"wpcf7-form-control-wrap\" data-name=\"your-email\"><input size=\"40\" maxlength=\"400\" class=\"wpcf7-form-control wpcf7-email wpcf7-validates-as-required wpcf7-text wpcf7-validates-as-email\" aria-required=\"true\" aria-invalid=\"false\" placeholder=\"Correu electr\u00f2nic\" value=\"\" type=\"email\" name=\"your-email\" \/><\/span><br \/>\n<span class=\"wpcf7-form-control-wrap\" data-name=\"your-message\"><textarea cols=\"40\" rows=\"3\" maxlength=\"2000\" class=\"wpcf7-form-control wpcf7-textarea wpcf7-validates-as-required\" aria-required=\"true\" aria-invalid=\"false\" placeholder=\"Motiu de la consulta\" name=\"your-message\"><\/textarea><\/span><br \/>\n<span class=\"wpcf7-form-control-wrap\" data-name=\"acceptance-904\"><span class=\"wpcf7-form-control wpcf7-acceptance\"><span class=\"wpcf7-list-item\"><label><input type=\"checkbox\" name=\"acceptance-904\" value=\"1\" aria-invalid=\"false\" \/><span class=\"wpcf7-list-item-label\">He llegit la <a target=\"_blank\" href=\"https:\/\/www.medicsintegralsalut.com\/ca\/politica-de-privadesa\/\/\">Pol\u00edtica de privadesa<\/a><\/span><\/label><\/span><\/span><\/span>\n<\/p>\n<p><input class=\"wpcf7-form-control wpcf7-submit has-spinner\" type=\"submit\" value=\"Enviar\" \/>\n<\/p>\n<p>\n<table id=\"tablepress-2\" class=\"tablepress tablepress-id-2\">\n<thead>\n<tr class=\"row-1\">\n\t<th class=\"column-1\">Responsable<\/th><th class=\"column-2\">VIOLET GRUP MEDIC SL <\/th>\n<\/tr>\n<\/thead>\n<tbody class=\"row-striping\">\n<tr class=\"row-2\">\n\t<td class=\"column-1\">Finalitat<\/td><td class=\"column-2\">Atendre les vostres consultes i\/o sol\u00b7licituds. Accions comercials.<\/td>\n<\/tr>\n<tr class=\"row-3\">\n\t<td class=\"column-1\">Drets<\/td><td class=\"column-2\">Accedir, rectificar i suprimir les dades, aix\u00ed com altres drets, com s'explica a la informaci\u00f3 addicional.<\/td>\n<\/tr>\n<tr class=\"row-4\">\n\t<td class=\"column-1\">Informaci\u00f3 adicional<\/td><td class=\"column-2\">Podeu consultar la informaci\u00f3 addicional i detallada sobre Protecci\u00f3 de Dades a la nostra p\u00e0gina web, apartat Pol\u00edtica de Privadesa.<\/td>\n<\/tr>\n<\/tbody>\n<\/table>\n<!-- #tablepress-2 from cache -->\n<\/p><div class=\"wpcf7-response-output\" aria-hidden=\"true\"><\/div>\n<\/form>\n<\/div>\n[vc_empty_space][\/vc_column_inner][vc_column_inner width=&#8221;1\/4&#8243;][\/vc_column_inner][\/vc_row_inner][vc_empty_space][\/vc_column][\/vc_row][vc_row css_animation=&#8221;&#8221; row_type=&#8221;row&#8221; use_row_as_full_screen_section=&#8221;no&#8221; type=&#8221;full_width&#8221; angled_section=&#8221;no&#8221; text_align=&#8221;left&#8221; background_image_as_pattern=&#8221;without_pattern&#8221;][vc_column offset=&#8221;vc_hidden-lg vc_hidden-md vc_hidden-sm vc_hidden-xs&#8221;][vc_row_inner row_type=&#8221;row&#8221; type=&#8221;grid&#8221; text_align=&#8221;left&#8221; css_animation=&#8221;&#8221;][vc_column_inner][vc_column_text el_class=&#8221;subt-interno&#8221;]<\/p>\n<p style=\"text-align: center;\">Tractaments relacionats que et poden interessar:<\/p>\n<p>[\/vc_column_text][vc_empty_space][\/vc_column_inner][\/vc_row_inner][vc_row_inner row_type=&#8221;row&#8221; type=&#8221;grid&#8221; text_align=&#8221;left&#8221; css_animation=&#8221;&#8221;][vc_column_inner width=&#8221;1\/5&#8243;][\/vc_column_inner][vc_column_inner width=&#8221;1\/5&#8243;][vc_column_text el_class=&#8221;enlace-relacionado&#8221; css=&#8221;.vc_custom_1571218249640{border-top-width: 1px !important;border-bottom-width: 1px !important;border-top-color: #f7b844 !important;border-top-style: solid !important;border-bottom-color: #f7b844 !important;border-bottom-style: solid !important;}&#8221;]<\/p>\n<p style=\"text-align: center;\"><a href=\"https:\/\/www.medicsintegralsalut.com\/ca\/unitats\/cirurgia-estetica-masculina\/blefaroplastia\/\">Blefaropl\u00e0stia<\/a><\/p>\n<p>[\/vc_column_text][vc_empty_space][\/vc_column_inner][vc_column_inner width=&#8221;1\/5&#8243;][vc_column_text el_class=&#8221;enlace-relacionado&#8221; css=&#8221;.vc_custom_1571218244116{border-top-width: 1px !important;border-bottom-width: 1px !important;border-top-color: #f7b844 !important;border-top-style: solid !important;border-bottom-color: #f7b844 !important;border-bottom-style: solid !important;}&#8221;]<\/p>\n<p style=\"text-align: center;\"><a href=\"https:\/\/www.medicsintegralsalut.com\/ca\/unitats\/cirurgia-estetica-facial\/otoplastia\/\">Otopl\u00e0stia<\/a><\/p>\n<p>[\/vc_column_text][vc_empty_space][\/vc_column_inner][vc_column_inner width=&#8221;1\/5&#8243;][vc_column_text el_class=&#8221;enlace-relacionado&#8221; css=&#8221;.vc_custom_1571218262915{border-top-width: 1px !important;border-bottom-width: 1px !important;border-top-color: #f7b844 !important;border-top-style: solid !important;border-bottom-color: #f7b844 !important;border-bottom-style: solid !important;}&#8221;]<\/p>\n<p style=\"text-align: center;\"><a href=\"https:\/\/www.medicsintegralsalut.com\/ca\/unitats\/medicina-estetica-facial\/arrugues-expressio\/\">Arrugues<\/a><\/p>\n<p>[\/vc_column_text][vc_empty_space][\/vc_column_inner][vc_column_inner width=&#8221;1\/5&#8243;][\/vc_column_inner][\/vc_row_inner][vc_empty_space][\/vc_column][\/vc_row]<\/p>\n","protected":false},"excerpt":{"rendered":"<p>[vc_row css_animation=&#8221;&#8221; row_type=&#8221;row&#8221; use_row_as_full_screen_section=&#8221;no&#8221; type=&#8221;full_width&#8221; angled_section=&#8221;no&#8221; text_align=&#8221;left&#8221; background_image_as_pattern=&#8221;without_pattern&#8221;][vc_column][vc_row_inner row_type=&#8221;row&#8221; type=&#8221;grid&#8221; text_align=&#8221;left&#8221; css_animation=&#8221;&#8221;][vc_column_inner][vc_column_text el_class=&#8221;h1-interno&#8221;] Recuperador [\/vc_column_text][vc_separator type=&#8221;small&#8221; position=&#8221;center&#8221; color=&#8221;#f7b844&#8243;][vc_column_text el_class=&#8221;subt-interno&#8221;] Excel\u00b7lents resultats sense cirurgia [\/vc_column_text][vc_empty_space][\/vc_column_inner][\/vc_row_inner][vc_empty_space][\/vc_column][\/vc_row][vc_row css_animation=&#8221;&#8221; row_type=&#8221;row&#8221; use_row_as_full_screen_section=&#8221;no&#8221; type=&#8221;full_width&#8221; angled_section=&#8221;no&#8221; text_align=&#8221;left&#8221; background_image_as_pattern=&#8221;without_pattern&#8221;][vc_column][vc_row_inner row_type=&#8221;row&#8221; type=&#8221;grid&#8221; text_align=&#8221;left&#8221; css_animation=&#8221;&#8221;][vc_column_inner width=&#8221;1\/2&#8243;][vc_single_image image=&#8221;1505&#8243; img_size=&#8221;full&#8221; alignment=&#8221;center&#8221; qode_css_animation=&#8221;&#8221;][vc_empty_space][\/vc_column_inner][vc_column_inner el_class=&#8221;servicio-listas&#8221; width=&#8221;1\/2&#8243;][vc_empty_space height=&#8221;75&#8243;][vc_column_text el_class=&#8221;subt-interno&#8221;] La&#8230;<\/p>\n","protected":false},"author":4,"featured_media":0,"parent":3988,"menu_order":0,"comment_status":"closed","ping_status":"closed","template":"full_width.php","meta":{"footnotes":""},"class_list":["post-4012","page","type-page","status-publish","hentry"],"acf":[],"yoast_head":"<!-- This site is optimized with the Yoast SEO plugin v24.0 - https:\/\/yoast.com\/wordpress\/plugins\/seo\/ -->\n<title>Recuperador - MedicsIntegralSalut<\/title>\n<meta name=\"robots\" content=\"index, follow, max-snippet:-1, max-image-preview:large, max-video-preview:-1\" \/>\n<link rel=\"canonical\" href=\"https:\/\/www.medicsintegralsalut.com\/ca\/unitats\/gabinet-destetica\/recuperador\/\" \/>\n<meta property=\"og:locale\" content=\"ca_ES\" \/>\n<meta property=\"og:type\" content=\"article\" \/>\n<meta property=\"og:title\" content=\"Recuperador - MedicsIntegralSalut\" \/>\n<meta property=\"og:description\" content=\"[vc_row css_animation=&#8221;&#8221; row_type=&#8221;row&#8221; use_row_as_full_screen_section=&#8221;no&#8221; type=&#8221;full_width&#8221; angled_section=&#8221;no&#8221; text_align=&#8221;left&#8221; background_image_as_pattern=&#8221;without_pattern&#8221;][vc_column][vc_row_inner row_type=&#8221;row&#8221; type=&#8221;grid&#8221; text_align=&#8221;left&#8221; css_animation=&#8221;&#8221;][vc_column_inner][vc_column_text el_class=&#8221;h1-interno&#8221;] Recuperador [\/vc_column_text][vc_separator type=&#8221;small&#8221; position=&#8221;center&#8221; color=&#8221;#f7b844&#8243;][vc_column_text el_class=&#8221;subt-interno&#8221;] Excel\u00b7lents resultats sense cirurgia [\/vc_column_text][vc_empty_space][\/vc_column_inner][\/vc_row_inner][vc_empty_space][\/vc_column][\/vc_row][vc_row css_animation=&#8221;&#8221; row_type=&#8221;row&#8221; use_row_as_full_screen_section=&#8221;no&#8221; type=&#8221;full_width&#8221; angled_section=&#8221;no&#8221; text_align=&#8221;left&#8221; background_image_as_pattern=&#8221;without_pattern&#8221;][vc_column][vc_row_inner row_type=&#8221;row&#8221; type=&#8221;grid&#8221; text_align=&#8221;left&#8221; css_animation=&#8221;&#8221;][vc_column_inner width=&#8221;1\/2&#8243;][vc_single_image image=&#8221;1505&#8243; img_size=&#8221;full&#8221; alignment=&#8221;center&#8221; qode_css_animation=&#8221;&#8221;][vc_empty_space][\/vc_column_inner][vc_column_inner el_class=&#8221;servicio-listas&#8221; width=&#8221;1\/2&#8243;][vc_empty_space height=&#8221;75&#8243;][vc_column_text el_class=&#8221;subt-interno&#8221;] La...\" \/>\n<meta property=\"og:url\" content=\"https:\/\/www.medicsintegralsalut.com\/ca\/unitats\/gabinet-destetica\/recuperador\/\" \/>\n<meta property=\"og:site_name\" content=\"MedicsIntegralSalut\" \/>\n<meta property=\"article:modified_time\" content=\"2022-07-28T16:49:15+00:00\" \/>\n<meta property=\"og:image\" content=\"https:\/\/www.medicsintegralsalut.com\/wp-content\/uploads\/2019\/10\/mps.jpg\" \/>\n<meta name=\"twitter:card\" content=\"summary_large_image\" \/>\n<meta name=\"twitter:label1\" content=\"Temps estimat de lectura\" \/>\n\t<meta name=\"twitter:data1\" content=\"3 minuts\" \/>\n<script type=\"application\/ld+json\" class=\"yoast-schema-graph\">{\"@context\":\"https:\/\/schema.org\",\"@graph\":[{\"@type\":\"WebPage\",\"@id\":\"https:\/\/www.medicsintegralsalut.com\/ca\/unitats\/gabinet-destetica\/recuperador\/\",\"url\":\"https:\/\/www.medicsintegralsalut.com\/ca\/unitats\/gabinet-destetica\/recuperador\/\",\"name\":\"Recuperador - MedicsIntegralSalut\",\"isPartOf\":{\"@id\":\"https:\/\/www.medicsintegralsalut.com\/ca\/#website\"},\"primaryImageOfPage\":{\"@id\":\"https:\/\/www.medicsintegralsalut.com\/ca\/unitats\/gabinet-destetica\/recuperador\/#primaryimage\"},\"image\":{\"@id\":\"https:\/\/www.medicsintegralsalut.com\/ca\/unitats\/gabinet-destetica\/recuperador\/#primaryimage\"},\"thumbnailUrl\":\"https:\/\/www.medicsintegralsalut.com\/wp-content\/uploads\/2019\/10\/mps.jpg\",\"datePublished\":\"2021-01-26T18:56:59+00:00\",\"dateModified\":\"2022-07-28T16:49:15+00:00\",\"breadcrumb\":{\"@id\":\"https:\/\/www.medicsintegralsalut.com\/ca\/unitats\/gabinet-destetica\/recuperador\/#breadcrumb\"},\"inLanguage\":\"ca\",\"potentialAction\":[{\"@type\":\"ReadAction\",\"target\":[\"https:\/\/www.medicsintegralsalut.com\/ca\/unitats\/gabinet-destetica\/recuperador\/\"]}]},{\"@type\":\"ImageObject\",\"inLanguage\":\"ca\",\"@id\":\"https:\/\/www.medicsintegralsalut.com\/ca\/unitats\/gabinet-destetica\/recuperador\/#primaryimage\",\"url\":\"https:\/\/www.medicsintegralsalut.com\/wp-content\/uploads\/2019\/10\/mps.jpg\",\"contentUrl\":\"https:\/\/www.medicsintegralsalut.com\/wp-content\/uploads\/2019\/10\/mps.jpg\"},{\"@type\":\"BreadcrumbList\",\"@id\":\"https:\/\/www.medicsintegralsalut.com\/ca\/unitats\/gabinet-destetica\/recuperador\/#breadcrumb\",\"itemListElement\":[{\"@type\":\"ListItem\",\"position\":1,\"name\":\"Portada\",\"item\":\"https:\/\/www.medicsintegralsalut.com\/ca\/\"},{\"@type\":\"ListItem\",\"position\":2,\"name\":\"Unitats\",\"item\":\"https:\/\/www.medicsintegralsalut.com\/ca\/unitats\/\"},{\"@type\":\"ListItem\",\"position\":3,\"name\":\"Gabinet d&#8217;est\u00e8tica\",\"item\":\"https:\/\/www.medicsintegralsalut.com\/ca\/unitats\/gabinet-destetica\/\"},{\"@type\":\"ListItem\",\"position\":4,\"name\":\"Recuperador\"}]},{\"@type\":\"WebSite\",\"@id\":\"https:\/\/www.medicsintegralsalut.com\/ca\/#website\",\"url\":\"https:\/\/www.medicsintegralsalut.com\/ca\/\",\"name\":\"MedicsIntegralSalut\",\"description\":\"Cirug\u00eda est\u00e9tica\",\"publisher\":{\"@id\":\"https:\/\/www.medicsintegralsalut.com\/ca\/#organization\"},\"potentialAction\":[{\"@type\":\"SearchAction\",\"target\":{\"@type\":\"EntryPoint\",\"urlTemplate\":\"https:\/\/www.medicsintegralsalut.com\/ca\/?s={search_term_string}\"},\"query-input\":{\"@type\":\"PropertyValueSpecification\",\"valueRequired\":true,\"valueName\":\"search_term_string\"}}],\"inLanguage\":\"ca\"},{\"@type\":\"Organization\",\"@id\":\"https:\/\/www.medicsintegralsalut.com\/ca\/#organization\",\"name\":\"MedicsIntegralSalut\",\"url\":\"https:\/\/www.medicsintegralsalut.com\/ca\/\",\"logo\":{\"@type\":\"ImageObject\",\"inLanguage\":\"ca\",\"@id\":\"https:\/\/www.medicsintegralsalut.com\/ca\/#\/schema\/logo\/image\/\",\"url\":\"https:\/\/www.medicsintegralsalut.com\/wp-content\/uploads\/2021\/12\/Logo-web-03_250.png\",\"contentUrl\":\"https:\/\/www.medicsintegralsalut.com\/wp-content\/uploads\/2021\/12\/Logo-web-03_250.png\",\"width\":250,\"height\":99,\"caption\":\"MedicsIntegralSalut\"},\"image\":{\"@id\":\"https:\/\/www.medicsintegralsalut.com\/ca\/#\/schema\/logo\/image\/\"}}]}<\/script>\n<!-- \/ Yoast SEO plugin. -->","yoast_head_json":{"title":"Recuperador - MedicsIntegralSalut","robots":{"index":"index","follow":"follow","max-snippet":"max-snippet:-1","max-image-preview":"max-image-preview:large","max-video-preview":"max-video-preview:-1"},"canonical":"https:\/\/www.medicsintegralsalut.com\/ca\/unitats\/gabinet-destetica\/recuperador\/","og_locale":"ca_ES","og_type":"article","og_title":"Recuperador - MedicsIntegralSalut","og_description":"[vc_row css_animation=&#8221;&#8221; row_type=&#8221;row&#8221; use_row_as_full_screen_section=&#8221;no&#8221; type=&#8221;full_width&#8221; angled_section=&#8221;no&#8221; text_align=&#8221;left&#8221; background_image_as_pattern=&#8221;without_pattern&#8221;][vc_column][vc_row_inner row_type=&#8221;row&#8221; type=&#8221;grid&#8221; text_align=&#8221;left&#8221; css_animation=&#8221;&#8221;][vc_column_inner][vc_column_text el_class=&#8221;h1-interno&#8221;] Recuperador [\/vc_column_text][vc_separator type=&#8221;small&#8221; position=&#8221;center&#8221; color=&#8221;#f7b844&#8243;][vc_column_text el_class=&#8221;subt-interno&#8221;] Excel\u00b7lents resultats sense cirurgia [\/vc_column_text][vc_empty_space][\/vc_column_inner][\/vc_row_inner][vc_empty_space][\/vc_column][\/vc_row][vc_row css_animation=&#8221;&#8221; row_type=&#8221;row&#8221; use_row_as_full_screen_section=&#8221;no&#8221; type=&#8221;full_width&#8221; angled_section=&#8221;no&#8221; text_align=&#8221;left&#8221; background_image_as_pattern=&#8221;without_pattern&#8221;][vc_column][vc_row_inner row_type=&#8221;row&#8221; type=&#8221;grid&#8221; text_align=&#8221;left&#8221; css_animation=&#8221;&#8221;][vc_column_inner width=&#8221;1\/2&#8243;][vc_single_image image=&#8221;1505&#8243; img_size=&#8221;full&#8221; alignment=&#8221;center&#8221; qode_css_animation=&#8221;&#8221;][vc_empty_space][\/vc_column_inner][vc_column_inner el_class=&#8221;servicio-listas&#8221; width=&#8221;1\/2&#8243;][vc_empty_space height=&#8221;75&#8243;][vc_column_text el_class=&#8221;subt-interno&#8221;] La...","og_url":"https:\/\/www.medicsintegralsalut.com\/ca\/unitats\/gabinet-destetica\/recuperador\/","og_site_name":"MedicsIntegralSalut","article_modified_time":"2022-07-28T16:49:15+00:00","og_image":[{"url":"https:\/\/www.medicsintegralsalut.com\/wp-content\/uploads\/2019\/10\/mps.jpg","type":"","width":"","height":""}],"twitter_card":"summary_large_image","twitter_misc":{"Temps estimat de lectura":"3 minuts"},"schema":{"@context":"https:\/\/schema.org","@graph":[{"@type":"WebPage","@id":"https:\/\/www.medicsintegralsalut.com\/ca\/unitats\/gabinet-destetica\/recuperador\/","url":"https:\/\/www.medicsintegralsalut.com\/ca\/unitats\/gabinet-destetica\/recuperador\/","name":"Recuperador - MedicsIntegralSalut","isPartOf":{"@id":"https:\/\/www.medicsintegralsalut.com\/ca\/#website"},"primaryImageOfPage":{"@id":"https:\/\/www.medicsintegralsalut.com\/ca\/unitats\/gabinet-destetica\/recuperador\/#primaryimage"},"image":{"@id":"https:\/\/www.medicsintegralsalut.com\/ca\/unitats\/gabinet-destetica\/recuperador\/#primaryimage"},"thumbnailUrl":"https:\/\/www.medicsintegralsalut.com\/wp-content\/uploads\/2019\/10\/mps.jpg","datePublished":"2021-01-26T18:56:59+00:00","dateModified":"2022-07-28T16:49:15+00:00","breadcrumb":{"@id":"https:\/\/www.medicsintegralsalut.com\/ca\/unitats\/gabinet-destetica\/recuperador\/#breadcrumb"},"inLanguage":"ca","potentialAction":[{"@type":"ReadAction","target":["https:\/\/www.medicsintegralsalut.com\/ca\/unitats\/gabinet-destetica\/recuperador\/"]}]},{"@type":"ImageObject","inLanguage":"ca","@id":"https:\/\/www.medicsintegralsalut.com\/ca\/unitats\/gabinet-destetica\/recuperador\/#primaryimage","url":"https:\/\/www.medicsintegralsalut.com\/wp-content\/uploads\/2019\/10\/mps.jpg","contentUrl":"https:\/\/www.medicsintegralsalut.com\/wp-content\/uploads\/2019\/10\/mps.jpg"},{"@type":"BreadcrumbList","@id":"https:\/\/www.medicsintegralsalut.com\/ca\/unitats\/gabinet-destetica\/recuperador\/#breadcrumb","itemListElement":[{"@type":"ListItem","position":1,"name":"Portada","item":"https:\/\/www.medicsintegralsalut.com\/ca\/"},{"@type":"ListItem","position":2,"name":"Unitats","item":"https:\/\/www.medicsintegralsalut.com\/ca\/unitats\/"},{"@type":"ListItem","position":3,"name":"Gabinet d&#8217;est\u00e8tica","item":"https:\/\/www.medicsintegralsalut.com\/ca\/unitats\/gabinet-destetica\/"},{"@type":"ListItem","position":4,"name":"Recuperador"}]},{"@type":"WebSite","@id":"https:\/\/www.medicsintegralsalut.com\/ca\/#website","url":"https:\/\/www.medicsintegralsalut.com\/ca\/","name":"MedicsIntegralSalut","description":"Cirug\u00eda est\u00e9tica","publisher":{"@id":"https:\/\/www.medicsintegralsalut.com\/ca\/#organization"},"potentialAction":[{"@type":"SearchAction","target":{"@type":"EntryPoint","urlTemplate":"https:\/\/www.medicsintegralsalut.com\/ca\/?s={search_term_string}"},"query-input":{"@type":"PropertyValueSpecification","valueRequired":true,"valueName":"search_term_string"}}],"inLanguage":"ca"},{"@type":"Organization","@id":"https:\/\/www.medicsintegralsalut.com\/ca\/#organization","name":"MedicsIntegralSalut","url":"https:\/\/www.medicsintegralsalut.com\/ca\/","logo":{"@type":"ImageObject","inLanguage":"ca","@id":"https:\/\/www.medicsintegralsalut.com\/ca\/#\/schema\/logo\/image\/","url":"https:\/\/www.medicsintegralsalut.com\/wp-content\/uploads\/2021\/12\/Logo-web-03_250.png","contentUrl":"https:\/\/www.medicsintegralsalut.com\/wp-content\/uploads\/2021\/12\/Logo-web-03_250.png","width":250,"height":99,"caption":"MedicsIntegralSalut"},"image":{"@id":"https:\/\/www.medicsintegralsalut.com\/ca\/#\/schema\/logo\/image\/"}}]}},"_links":{"self":[{"href":"https:\/\/www.medicsintegralsalut.com\/ca\/wp-json\/wp\/v2\/pages\/4012"}],"collection":[{"href":"https:\/\/www.medicsintegralsalut.com\/ca\/wp-json\/wp\/v2\/pages"}],"about":[{"href":"https:\/\/www.medicsintegralsalut.com\/ca\/wp-json\/wp\/v2\/types\/page"}],"author":[{"embeddable":true,"href":"https:\/\/www.medicsintegralsalut.com\/ca\/wp-json\/wp\/v2\/users\/4"}],"replies":[{"embeddable":true,"href":"https:\/\/www.medicsintegralsalut.com\/ca\/wp-json\/wp\/v2\/comments?post=4012"}],"version-history":[{"count":8,"href":"https:\/\/www.medicsintegralsalut.com\/ca\/wp-json\/wp\/v2\/pages\/4012\/revisions"}],"predecessor-version":[{"id":4387,"href":"https:\/\/www.medicsintegralsalut.com\/ca\/wp-json\/wp\/v2\/pages\/4012\/revisions\/4387"}],"up":[{"embeddable":true,"href":"https:\/\/www.medicsintegralsalut.com\/ca\/wp-json\/wp\/v2\/pages\/3988"}],"wp:attachment":[{"href":"https:\/\/www.medicsintegralsalut.com\/ca\/wp-json\/wp\/v2\/media?parent=4012"}],"curies":[{"name":"wp","href":"https:\/\/api.w.org\/{rel}","templated":true}]}}