{"id":4033,"date":"2019-10-28T18:44:13","date_gmt":"2019-10-28T16:44:13","guid":{"rendered":"https:\/\/www.medicsintegralsalut.com\/politica-de-privadesa\/"},"modified":"2022-07-21T10:32:04","modified_gmt":"2022-07-21T08:32:04","slug":"politica-de-privadesa","status":"publish","type":"page","link":"https:\/\/www.medicsintegralsalut.com\/ca\/politica-de-privadesa\/","title":{"rendered":"Pol\u00edtica de privadesa"},"content":{"rendered":"<p>[vc_row css_animation=&#8221;&#8221; row_type=&#8221;row&#8221; use_row_as_full_screen_section=&#8221;no&#8221; type=&#8221;full_width&#8221; angled_section=&#8221;no&#8221; text_align=&#8221;left&#8221; background_image_as_pattern=&#8221;without_pattern&#8221;][vc_column][vc_column_text]RA\u00d3 SOCIAL VIOLET GRUP MEDIC SL NIF B55216196<\/p>\n<p>DIRECCI\u00d3 POSTAL Pla\u00e7a Poeta Marquina 3. 17002, GIRONA<\/p>\n<p>REGISTRE MERCANTIL tom <strong>37457 <\/strong>foli 67, full B 299797 i inscripci\u00f3 1<\/p>\n<p>OBJECTE PRINCIPAL\u00a0 facilitar als clients i al p\u00fablic en general, la informaci\u00f3 relativa a l&#8217;empresa, als productes i serveis que s&#8217;ofereixen.<\/p>\n<p>PROTECCI\u00d3 DE DADES<\/p>\n<p>De conformitat amb la normativa vigent i aplicable en protecci\u00f3 de dades de car\u00e0cter personal, us informem que les vostres dades seran incorporades al sistema de tractament titularitat de VIOLET GRUP MEDIC SL amb NIF B55216196 i domicili social situat a Pla\u00e7a Poeta Marquina 3. 17002, GIRONA, i que a continuaci\u00f3 es relacionen les respectives finalitats, terminis de conservaci\u00f3 i bases legitimadores. Per a aquells tractaments que ho requereixin, s&#8217;informa tamb\u00e9 de la possible elaboraci\u00f3 de perfils i decisions automatitzades, aix\u00ed com de les possibles cessions i les transfer\u00e8ncies internacionals que VIOLET GRUP MEDIC SL t\u00e9 previst realitzar:<\/p>\n<p>TRACTAMENTS REALITZATS<\/p>\n<p><strong>Gesti\u00f3 de la p\u00e0gina web<\/strong> Finalitat: Tractament i gesti\u00f3 de les dades necess\u00e0ries per a la funcionalitat de la p\u00e0gina web<\/p>\n<p>Termini de conservaci\u00f3: mentre perduri el consentiment prestat<\/p>\n<p>Base leg\u00edtima: El consentiment de linteressat<\/p>\n<p>Tipologia de Dades: Dades merament identificatives<\/p>\n<p>Cessions: No es preveuen Transfer\u00e8ncies internacionals: No es preveuen Elaboracions de perfils: No es preveuen<\/p>\n<p>&nbsp;<\/p>\n<p><strong>Formulari web<\/strong> Finalitat: Atendre les vostres consultes i\/o sol\u00b7licituds<\/p>\n<p>Termini de conservaci\u00f3: mentre es mantingui el consentiment prestat.<\/p>\n<p>Base leg\u00edtima: El consentiment de l&#8217;interessat Tipologia de Dades: Dades merament identificatives Cessions: Cap Transfer\u00e8ncies internacionals: No es preveuen Elaboracions de perfils: No es preveuen assessorament i adaptaci\u00f3 a la lssi-ce \u00b7 documentaci\u00f3<\/p>\n<p>&nbsp;<\/p>\n<p><strong>Gesti\u00f3 del compliment normatiu<\/strong> Finalitat: Gesti\u00f3 i tramitaci\u00f3 de les obligacions i deures que es derivin del compliment de la normativa a qu\u00e8 est\u00e0 subjecta l&#8217;entitat Termini de conservaci\u00f3: conservaci\u00f3 de les c\u00f2pies dels documents fins que prescriguin les accions per reclamar una possible responsabilitat<\/p>\n<p>Base leg\u00edtima: El compliment d&#8217;una llei Tipologia de Dades: Dades merament identificatives Cessions: les vostres dades seran comunicades en cas de ser necessari a Organismes i\/o administraci\u00f3 p\u00fablica amb compet\u00e8ncia en la mat\u00e8ria amb la finalitat de complir amb les obligacions establertes a la normativa aplicable.<\/p>\n<p>A m\u00e9s, s&#8217;informa que la base legitimadora de la cessi\u00f3 \u00e9s complir amb les obligacions establertes a la normativa aplicable<\/p>\n<p>Transfer\u00e8ncies internacionals: No es preveuen Elaboracions de perfils: No es preveuen<\/p>\n<p>&nbsp;<\/p>\n<p><strong>Newsletters<\/strong> Finalitat: Captaci\u00f3, registre i tractament de dades amb finalitats de m\u00e0rqueting per fer l&#8217;enviament corresponent a la Newsletter a la qual s&#8217;ha subscrit Termini de conservaci\u00f3: mentre es mantingui el consentiment prestat Base leg\u00edtima: El consentiment de l&#8217;interessat Tipologia de Dades: Dades merament identificatives Cessions: Cap Transfer\u00e8ncies internacionals: No es preveuen Elaboracions de perfils: No es preveuen<\/p>\n<p>&nbsp;<\/p>\n<p><strong>Accions Comercials Finalitat<\/strong>: Captaci\u00f3, registre i tractament de dades amb finalitats de publicitat i prospecci\u00f3 comercial dels nostres productes i\/o serveis Termini de conservaci\u00f3: mentre es mantingui el consentiment prestat Base leg\u00edtima: El consentiment de l&#8217;interessat Tipologia de Dades: Dades merament identificatives Cessions: Cap Transfer\u00e8ncies internacionals: No es preveuen<\/p>\n<p>Elaboracions de perfils: No es preveuen<\/p>\n<p>&nbsp;<\/p>\n<p><strong>Registre dels usuaris <\/strong>Finalitat: Captaci\u00f3, registre i tractament de dades per poder registrar-se com a usuari Termini de conservaci\u00f3: mentre perduri el consentiment prestat Base leg\u00edtima: El consentiment de l&#8217;interessat Tipologia de Dades: Dades merament identificatives Cessions: No es preveuen Transfer\u00e8ncies internacionals: No es preveuen Elaboracions de perfils: No es preveuen<\/p>\n<p>&nbsp;<\/p>\n<p><strong>Gesti\u00f3 de concursos i promocions<\/strong> Finalitat: Captaci\u00f3, registre i tractament de dades amb la finalitat de realitzar concursos, premis i promocions Termini de conservaci\u00f3: durant el termini estrictament necessari per complir amb la finalitat anteriorment esmentada, excepte obligaci\u00f3 legal Base leg\u00edtima: El consentiment de l&#8217;interessat Tipologia de Dades: Dades merament identificatives Cessions: les seves dades podran ser comunicades en cas de ser necessari a empreses que subvencionin els concursos, premis i\/o promocions Transfer\u00e8ncies internacionals: No es preveuen<\/p>\n<p>Elaboracions de perfils: No es preveuen assessorament i adaptaci\u00f3 a la lssi-ce \u00b7 documentaci\u00f3<\/p>\n<p>&nbsp;<\/p>\n<p><strong>Gesti\u00f3 de la compra i\/o contractaci\u00f3 de serveis<\/strong> Finalitat: Captaci\u00f3, registre i tractament de dades amb la finalitat de gestionar la seva compra, aix\u00ed com per al correcte desenvolupament, compliment i execuci\u00f3 del contracte entre ambdues parts Termini de conservaci\u00f3: durant el termini necessari per gestionar la compra dels productes o serveis adquirits incloent-hi possibles devolucions, queixes o reclamacions associades a la compra del producte o servei en particular Base leg\u00edtima: L&#8217;execuci\u00f3 d&#8217;un contracte Tipologia de dades: dades merament identificatives Cessions : les vostres dades podran ser comunicades en cas de ser necessari a empreses que subvencionin els concursos, premis i\/o promocions Transfer\u00e8ncies internacionals: No es preveuen Elaboracions de perfils: No es preveuen<\/p>\n<p>&nbsp;<\/p>\n<p><strong>Gesti\u00f3 econ\u00f2mica i administrativa<\/strong> Finalitat: Gesti\u00f3 administrativa, facturaci\u00f3, comptabilitat i obligacions legals Termini de conservaci\u00f3: 5 anys en compliment de la llei tribut\u00e0ria i 10 anys la documentaci\u00f3 fiscal en compliment de la L.O.7\/2012 Base leg\u00edtima : El consentiment de l&#8217;interessat Tipologia de Dades: Dades merament identificatives Cessions: les vostres dades seran comunicades en cas de ser necessari a Ag\u00e8ncia Tribut\u00e0ria, Bancs, Caixes i Organismes i\/o administraci\u00f3 p\u00fablica amb compet\u00e8ncia en la mat\u00e8ria amb la finalitat de complir amb les obligacions tribut\u00e0ries i fiscals establertes a la normativa aplicable. A m\u00e9s, s&#8217;informa que la base legitimadora de la cessi\u00f3 \u00e9s complir amb les obligacions establertes a la normativa aplicable Transfer\u00e8ncies internacionals: No es preveuen Elaboracions de perfils: No es preveuen<\/p>\n<p>&nbsp;<\/p>\n<p><strong>Gesti\u00f3 donacions i\/o col\u00b7laboracions econ\u00f2miques<\/strong> Finalitat: Tramitaci\u00f3 i gesti\u00f3 de les donacions i\/o col\u00b7laboracions econ\u00f2miques fixes o espor\u00e0diques<\/p>\n<p>Termini de conservaci\u00f3: 10 anys, en compliment de la Llei 10\/2010, de 28 d&#8217;abril, de prevenci\u00f3 del blanqueig de capitals i del finan\u00e7ament del terrorisme Base leg\u00edtima: El consentiment de l&#8217;interessat Tipologia de dades: Dades merament identificatives Cessions: les seues dades seran comunicades en cas de ser necessari a l&#8217;Ag\u00e8ncia Tribut\u00e0ria, Bancs i Caixes amb la finalitat de complir les obligacions tribut\u00e0ries i fiscals establertes a la normativa aplicable. A m\u00e9s, s&#8217;informa que la base legitimadora de la cessi\u00f3 \u00e9s complir amb les obligacions establertes a la normativa aplicable Transfer\u00e8ncies internacionals: No es preveuen Elaboracions de perfils: No es preveuen<\/p>\n<p>&nbsp;<\/p>\n<p><strong>Gesti\u00f3 de les reserves<\/strong> Finalitat: Registre i gesti\u00f3 de les reserves Termini de conservaci\u00f3: 3 anys, en compliment de l&#8217;Ordre INT\/1922\/2003, de 3 de juliol, sobre llibres registre i parts d&#8217;entrada de viatgers en establiments d&#8217;hostaleria i altres an\u00e0legs Base leg\u00edtima: El consentiment de l&#8217;interessat Tipologia de Dades: Dades merament identificatives Cessions: les vostres dades seran comunicades en cas de ser necessari a l&#8217;Ag\u00e8ncia Tribut\u00e0ria, Bancs i Caixes, Forces i Cossos de Seguretat i autoritats competents amb la finalitat de complir amb les obligacions administratives i de seguretat establertes a la normativa aplicable. A m\u00e9s, s&#8217;informa que la base legitimadora de la cessi\u00f3 \u00e9s complir amb les obligacions establertes a la normativa aplicable Transfer\u00e8ncies internacionals: No es preveuen Elaboracions de perfils: No es preveuen assessorament i adaptaci\u00f3 a la lssi-ce \u00b7 documentaci\u00f3<\/p>\n<p>&nbsp;<\/p>\n<p><strong>Gesti\u00f3 Borsa d&#8217;ocupaci\u00f3<\/strong> Finalitat: Registre i tractament de dades de candidats per a finalitats de selecci\u00f3 de personal referents a llocs de treball vacants de les entitats col\u00b7laboradores i gesti\u00f3 de la borsa d&#8217;ocupaci\u00f3 Termini de conservaci\u00f3: mentre perduri el consentiment prestat Base leg\u00edtima: El consentiment de l&#8217;interessat Tipologia de dades: dades merament identificatives Cessions: les seves dades seran comunicades en cas que sigui necessari a Entitats Col\u00b7laboradores amb la finalitat de gestionar la borsa d&#8217;ocupaci\u00f3 i traslladar la candidatura a l&#8217;empresa col\u00b7laboradora. A m\u00e9s, s&#8217;informa que la base legitimadora de la cessi\u00f3 \u00e9s el seu consentiment. Transfer\u00e8ncies internacionals: No es preveuen Elaboracions de perfils: No es preveuen<\/p>\n<p><strong>\u00a0<\/strong><\/p>\n<p><strong>Gesti\u00f3 del voluntariat<\/strong> Finalitat: Gesti\u00f3 de les dades dels voluntaris de l&#8217;entitat Termini de conservaci\u00f3: 10 anys, en compliment de la Llei Org\u00e0nica 7\/2012 Base leg\u00edtima: Execuci\u00f3 del contracte Tipologia de Dades: Dades merament identificatius Cessions: les seves dades seran comunicades en cas de ser necessari a Ag\u00e8ncia Tribut\u00e0ria, Bancs i Caixes amb la finalitat de complir amb les obligacions tribut\u00e0ries i fiscals establertes a la normativa aplicable. A m\u00e9s, s&#8217;informa que la base legitimadora de la cessi\u00f3 \u00e9s complir amb les obligacions establertes a la normativa aplicable Transfer\u00e8ncies internacionals: No es preveuen Elaboracions de perfils: No es preveuen<\/p>\n<p><strong>\u00a0<\/strong><\/p>\n<p><strong>Gesti\u00f3 de les inscripcions <\/strong>Finalitat: Registre i gesti\u00f3 de les inscripcions Termini de conservaci\u00f3: durant el termini estrictament necessari per complir amb la finalitat anteriorment esmentada Base leg\u00edtima: El consentiment de l&#8217;interessat Tipologia de Dades: Dades merament identificatives Cessions : les seves dades seran comunicades en cas de ser necessari a Ag\u00e8ncia Tribut\u00e0ria, Bancs i Caixes amb la finalitat de complir amb les obligacions tribut\u00e0ries i fiscals establertes a la normativa aplicable. A m\u00e9s, s&#8217;informa que la base legitimadora de la cessi\u00f3 \u00e9s complir amb les obligacions establertes a la normativa aplicable Transfer\u00e8ncies internacionals: No es preveuen Elaboracions de perfils: No es preveuen<\/p>\n<p>&nbsp;<\/p>\n<p>Alhora, us informem que podeu contactar amb el Delegat de Protecci\u00f3 de Dades, adre\u00e7ant-vos per escrit a l&#8217;adre\u00e7a de correu dpd.cliente@conversia.es o al tel\u00e8fon 902 877 192.<\/p>\n<p>&nbsp;<\/p>\n<p>&nbsp;<\/p>\n<p><strong>Drets dels interessats<\/strong> VIOLET GRUP MEDIC SL informa als Usuaris que, podr\u00e0 exercir els drets d&#8217;acc\u00e9s, rectificaci\u00f3, limitaci\u00f3, supressi\u00f3, portabilitat i oposici\u00f3 al tractament de les seves dades de car\u00e0cter personal davant del Responsable del Tractament , aix\u00ed com a la retirada del consentiment prestat. Dret d&#8217;acc\u00e9s: \u00c9s el dret de l&#8217;usuari a obtenir informaci\u00f3 sobre les vostres dades concretes de car\u00e0cter personal i del tractament que s&#8217;hagi realitzat o realitzi, aix\u00ed com de la informaci\u00f3 disponible sobre l&#8217;origen d&#8217;aquestes dades i les comunicacions realitzades o previstes .<\/p>\n<p>&nbsp;<\/p>\n<p>Dret de Rectificaci\u00f3: \u00c9s el dret de l&#8217;afectat que es modifiquin les dades que resultin ser inexactes o incompletes. Nom\u00e9s es podr\u00e0 satisfer en relaci\u00f3 amb aquella informaci\u00f3 que es trobe sota el control de VIOLET GRUP MEDIC SL, per exemple, eliminar comentaris assessorament i adaptaci\u00f3 a la lssi-ce \u00b7 documentaci\u00f3 publicats a la pr\u00f2pia p\u00e0gina, imatges o continguts web on constin dades de car\u00e0cter personal de lusuari.<\/p>\n<p>&nbsp;<\/p>\n<p>Dret a la Limitaci\u00f3 de tractament: \u00c9s el dret que es limitin les finalitats del tractament previstes de forma original pel responsable del tractament.<\/p>\n<p>&nbsp;<\/p>\n<p>Dret de Supressi\u00f3: \u00c9s el dret a suprimir les dades de car\u00e0cter personal de l&#8217;usuari, a excepci\u00f3 del que preveu el mateix RGPD o altres normatives aplicables que determinin l&#8217;obligatorietat de la seva conservaci\u00f3, en temps i forma.<\/p>\n<p>&nbsp;<\/p>\n<p>Dret de portabilitat: El dret a rebre les dades personals que l&#8217;usuari hagi facilitat, en un format estructurat, d&#8217;\u00fas com\u00fa i de lectura mec\u00e0nica, ia transmetre&#8217;ls a un altre responsable.<\/p>\n<p>&nbsp;<\/p>\n<p>Dret d&#8217;oposici\u00f3: \u00c9s el dret de l&#8217;usuari a qu\u00e8 no es dugui a terme el tractament de les vostres dades de car\u00e0cter personal o se&#8217;n cessi el tractament per VIOLET GRUP MEDIC SL.<\/p>\n<p>&nbsp;<\/p>\n<p>Per poder exercir qualsevol dels drets descrits anteriorment haureu de complir els requisits seg\u00fcents: Presentaci\u00f3 d&#8217;un escrit a l&#8217;adre\u00e7a Pla\u00e7a Poeta Marquina 3. 17002, GIRONA (a l&#8217;atenci\u00f3 de VIOLET GRUP MEDIC SL) o b\u00e9 a trav\u00e9s de correu electr\u00f2nic <a href=\"mailto:direccio@medicsintegralsalut.com\">direccio@medicsintegralsalut.com<\/a>. L&#8217;escrit rem\u00e8s pel titular de les dades que sol\u00b7liciti l&#8217;exercici haur\u00e0 de complir els requisits legals seg\u00fcents: o Nom, cognoms de l&#8217;interessat i c\u00f2pia del DNI\/NIE o qualsevol document identificatiu.<\/p>\n<p>&nbsp;<\/p>\n<p>En els casos excepcionals en qu\u00e8 s&#8217;admeti la representaci\u00f3, ser\u00e0 tamb\u00e9 necess\u00e0ria la identificaci\u00f3 pel mateix mitj\u00e0 de la persona que el representa, aix\u00ed com el document acreditatiu de la representaci\u00f3. La fotoc\u00f2pia del DNI podr\u00e0 ser substitu\u00efda sempre que la identitat s&#8217;acrediti per qualsevol altre mitj\u00e0 v\u00e0lid en dret. o Petici\u00f3 en qu\u00e8 es concreta la sol\u00b7licitud. (Exercici en qu\u00e8 se sol\u00b7licita la informaci\u00f3 a la qual es vol accedir). Si no feu refer\u00e8ncia a un fitxer concret se us facilitar\u00e0 tota la informaci\u00f3 que es tingui amb les vostres dades de car\u00e0cter personal. Si sol\u00b7liciteu informaci\u00f3 d&#8217;un fitxer en concret, nom\u00e9s la informaci\u00f3 d&#8217;aquest fitxer. Si sol\u00b7licita informaci\u00f3 relativa a un tercer mai no es podr\u00e0 facilitar. Si ho demaneu per tel\u00e8fon se us indicar\u00e0 que ho feu per escrit i se us informar\u00e0 de com ho podeu fer i l&#8217;adre\u00e7a a la qual heu d&#8217;enviar-ho.<\/p>\n<p>&nbsp;<\/p>\n<p>Mai no se us donar\u00e0 informaci\u00f3 per tel\u00e8fon. o Domicili a efectes de notificacions. o Data i signatura del sol\u00b7licitant. o Documents acreditatius de la petici\u00f3 que formula. o L&#8217;interessat ha d&#8217;utilitzar qualsevol mitj\u00e0 que permeti acreditar l&#8217;enviament i la recepci\u00f3 de la sol\u00b7licitud.<\/p>\n<p>&nbsp;<\/p>\n<p>Finalment, us informem que teniu dret a presentar una reclamaci\u00f3 davant l&#8217;Ag\u00e8ncia Espanyola de Protecci\u00f3 de Dades en cas que en tingueu coneixement o considereu que un fet pugui suposar un incompliment de la normativa aplicable en mat\u00e8ria de protecci\u00f3 de dades. VIOLET GRUP MEDIC SL es compromet a adoptar les mesures t\u00e8cniques i organitzatives necess\u00e0ries, d&#8217;acord amb el nivell de riscos que acompanyen els tractaments realitzats per aquestes i indicats a l&#8217;apartat dels termes i condicions d&#8217;\u00fas, de manera que garanteixin la seva integritat, confidencialitat i disponibilitat .<\/p>\n<p>\u00daLTIMA ACTUALITZACI\u00d3: 18 de novembre de 2021[\/vc_column_text][\/vc_column][\/vc_row]<\/p>\n","protected":false},"excerpt":{"rendered":"<p>[vc_row css_animation=&#8221;&#8221; row_type=&#8221;row&#8221; use_row_as_full_screen_section=&#8221;no&#8221; type=&#8221;full_width&#8221; angled_section=&#8221;no&#8221; text_align=&#8221;left&#8221; background_image_as_pattern=&#8221;without_pattern&#8221;][vc_column][vc_column_text]RA\u00d3 SOCIAL VIOLET GRUP MEDIC SL NIF B55216196 DIRECCI\u00d3 POSTAL Pla\u00e7a Poeta Marquina 3. 17002, GIRONA REGISTRE MERCANTIL tom 37457 foli 67, full B 299797 i inscripci\u00f3 1 OBJECTE PRINCIPAL\u00a0 facilitar als clients i al p\u00fablic en general,&#8230;<\/p>\n","protected":false},"author":3,"featured_media":0,"parent":0,"menu_order":99,"comment_status":"closed","ping_status":"closed","template":"","meta":{"footnotes":""},"class_list":["post-4033","page","type-page","status-publish","hentry"],"acf":[],"yoast_head":"<!-- This site is optimized with the Yoast SEO plugin v24.0 - https:\/\/yoast.com\/wordpress\/plugins\/seo\/ -->\n<title>Pol\u00edtica de privadesa - MedicsIntegralSalut<\/title>\n<meta name=\"robots\" content=\"index, follow, max-snippet:-1, max-image-preview:large, max-video-preview:-1\" \/>\n<link rel=\"canonical\" href=\"https:\/\/www.medicsintegralsalut.com\/ca\/politica-de-privadesa\/\" \/>\n<meta property=\"og:locale\" content=\"ca_ES\" \/>\n<meta property=\"og:type\" content=\"article\" \/>\n<meta property=\"og:title\" content=\"Pol\u00edtica de privadesa - MedicsIntegralSalut\" \/>\n<meta property=\"og:description\" content=\"[vc_row css_animation=&#8221;&#8221; row_type=&#8221;row&#8221; use_row_as_full_screen_section=&#8221;no&#8221; type=&#8221;full_width&#8221; angled_section=&#8221;no&#8221; text_align=&#8221;left&#8221; background_image_as_pattern=&#8221;without_pattern&#8221;][vc_column][vc_column_text]RA\u00d3 SOCIAL VIOLET GRUP MEDIC SL NIF B55216196 DIRECCI\u00d3 POSTAL Pla\u00e7a Poeta Marquina 3. 17002, GIRONA REGISTRE MERCANTIL tom 37457 foli 67, full B 299797 i inscripci\u00f3 1 OBJECTE PRINCIPAL\u00a0 facilitar als clients i al p\u00fablic en general,...\" \/>\n<meta property=\"og:url\" content=\"https:\/\/www.medicsintegralsalut.com\/ca\/politica-de-privadesa\/\" \/>\n<meta property=\"og:site_name\" content=\"MedicsIntegralSalut\" \/>\n<meta property=\"article:modified_time\" content=\"2022-07-21T08:32:04+00:00\" \/>\n<meta name=\"twitter:card\" content=\"summary_large_image\" \/>\n<meta name=\"twitter:label1\" content=\"Temps estimat de lectura\" \/>\n\t<meta name=\"twitter:data1\" content=\"11 minuts\" \/>\n<script type=\"application\/ld+json\" class=\"yoast-schema-graph\">{\"@context\":\"https:\/\/schema.org\",\"@graph\":[{\"@type\":\"WebPage\",\"@id\":\"https:\/\/www.medicsintegralsalut.com\/ca\/politica-de-privadesa\/\",\"url\":\"https:\/\/www.medicsintegralsalut.com\/ca\/politica-de-privadesa\/\",\"name\":\"Pol\u00edtica de privadesa - MedicsIntegralSalut\",\"isPartOf\":{\"@id\":\"https:\/\/www.medicsintegralsalut.com\/ca\/#website\"},\"datePublished\":\"2019-10-28T16:44:13+00:00\",\"dateModified\":\"2022-07-21T08:32:04+00:00\",\"breadcrumb\":{\"@id\":\"https:\/\/www.medicsintegralsalut.com\/ca\/politica-de-privadesa\/#breadcrumb\"},\"inLanguage\":\"ca\",\"potentialAction\":[{\"@type\":\"ReadAction\",\"target\":[\"https:\/\/www.medicsintegralsalut.com\/ca\/politica-de-privadesa\/\"]}]},{\"@type\":\"BreadcrumbList\",\"@id\":\"https:\/\/www.medicsintegralsalut.com\/ca\/politica-de-privadesa\/#breadcrumb\",\"itemListElement\":[{\"@type\":\"ListItem\",\"position\":1,\"name\":\"Portada\",\"item\":\"https:\/\/www.medicsintegralsalut.com\/ca\/\"},{\"@type\":\"ListItem\",\"position\":2,\"name\":\"Pol\u00edtica de privadesa\"}]},{\"@type\":\"WebSite\",\"@id\":\"https:\/\/www.medicsintegralsalut.com\/ca\/#website\",\"url\":\"https:\/\/www.medicsintegralsalut.com\/ca\/\",\"name\":\"MedicsIntegralSalut\",\"description\":\"Cirug\u00eda est\u00e9tica\",\"publisher\":{\"@id\":\"https:\/\/www.medicsintegralsalut.com\/ca\/#organization\"},\"potentialAction\":[{\"@type\":\"SearchAction\",\"target\":{\"@type\":\"EntryPoint\",\"urlTemplate\":\"https:\/\/www.medicsintegralsalut.com\/ca\/?s={search_term_string}\"},\"query-input\":{\"@type\":\"PropertyValueSpecification\",\"valueRequired\":true,\"valueName\":\"search_term_string\"}}],\"inLanguage\":\"ca\"},{\"@type\":\"Organization\",\"@id\":\"https:\/\/www.medicsintegralsalut.com\/ca\/#organization\",\"name\":\"MedicsIntegralSalut\",\"url\":\"https:\/\/www.medicsintegralsalut.com\/ca\/\",\"logo\":{\"@type\":\"ImageObject\",\"inLanguage\":\"ca\",\"@id\":\"https:\/\/www.medicsintegralsalut.com\/ca\/#\/schema\/logo\/image\/\",\"url\":\"https:\/\/www.medicsintegralsalut.com\/wp-content\/uploads\/2021\/12\/Logo-web-03_250.png\",\"contentUrl\":\"https:\/\/www.medicsintegralsalut.com\/wp-content\/uploads\/2021\/12\/Logo-web-03_250.png\",\"width\":250,\"height\":99,\"caption\":\"MedicsIntegralSalut\"},\"image\":{\"@id\":\"https:\/\/www.medicsintegralsalut.com\/ca\/#\/schema\/logo\/image\/\"}}]}<\/script>\n<!-- \/ Yoast SEO plugin. -->","yoast_head_json":{"title":"Pol\u00edtica de privadesa - MedicsIntegralSalut","robots":{"index":"index","follow":"follow","max-snippet":"max-snippet:-1","max-image-preview":"max-image-preview:large","max-video-preview":"max-video-preview:-1"},"canonical":"https:\/\/www.medicsintegralsalut.com\/ca\/politica-de-privadesa\/","og_locale":"ca_ES","og_type":"article","og_title":"Pol\u00edtica de privadesa - MedicsIntegralSalut","og_description":"[vc_row css_animation=&#8221;&#8221; row_type=&#8221;row&#8221; use_row_as_full_screen_section=&#8221;no&#8221; type=&#8221;full_width&#8221; angled_section=&#8221;no&#8221; text_align=&#8221;left&#8221; background_image_as_pattern=&#8221;without_pattern&#8221;][vc_column][vc_column_text]RA\u00d3 SOCIAL VIOLET GRUP MEDIC SL NIF B55216196 DIRECCI\u00d3 POSTAL Pla\u00e7a Poeta Marquina 3. 17002, GIRONA REGISTRE MERCANTIL tom 37457 foli 67, full B 299797 i inscripci\u00f3 1 OBJECTE PRINCIPAL\u00a0 facilitar als clients i al p\u00fablic en general,...","og_url":"https:\/\/www.medicsintegralsalut.com\/ca\/politica-de-privadesa\/","og_site_name":"MedicsIntegralSalut","article_modified_time":"2022-07-21T08:32:04+00:00","twitter_card":"summary_large_image","twitter_misc":{"Temps estimat de lectura":"11 minuts"},"schema":{"@context":"https:\/\/schema.org","@graph":[{"@type":"WebPage","@id":"https:\/\/www.medicsintegralsalut.com\/ca\/politica-de-privadesa\/","url":"https:\/\/www.medicsintegralsalut.com\/ca\/politica-de-privadesa\/","name":"Pol\u00edtica de privadesa - MedicsIntegralSalut","isPartOf":{"@id":"https:\/\/www.medicsintegralsalut.com\/ca\/#website"},"datePublished":"2019-10-28T16:44:13+00:00","dateModified":"2022-07-21T08:32:04+00:00","breadcrumb":{"@id":"https:\/\/www.medicsintegralsalut.com\/ca\/politica-de-privadesa\/#breadcrumb"},"inLanguage":"ca","potentialAction":[{"@type":"ReadAction","target":["https:\/\/www.medicsintegralsalut.com\/ca\/politica-de-privadesa\/"]}]},{"@type":"BreadcrumbList","@id":"https:\/\/www.medicsintegralsalut.com\/ca\/politica-de-privadesa\/#breadcrumb","itemListElement":[{"@type":"ListItem","position":1,"name":"Portada","item":"https:\/\/www.medicsintegralsalut.com\/ca\/"},{"@type":"ListItem","position":2,"name":"Pol\u00edtica de privadesa"}]},{"@type":"WebSite","@id":"https:\/\/www.medicsintegralsalut.com\/ca\/#website","url":"https:\/\/www.medicsintegralsalut.com\/ca\/","name":"MedicsIntegralSalut","description":"Cirug\u00eda est\u00e9tica","publisher":{"@id":"https:\/\/www.medicsintegralsalut.com\/ca\/#organization"},"potentialAction":[{"@type":"SearchAction","target":{"@type":"EntryPoint","urlTemplate":"https:\/\/www.medicsintegralsalut.com\/ca\/?s={search_term_string}"},"query-input":{"@type":"PropertyValueSpecification","valueRequired":true,"valueName":"search_term_string"}}],"inLanguage":"ca"},{"@type":"Organization","@id":"https:\/\/www.medicsintegralsalut.com\/ca\/#organization","name":"MedicsIntegralSalut","url":"https:\/\/www.medicsintegralsalut.com\/ca\/","logo":{"@type":"ImageObject","inLanguage":"ca","@id":"https:\/\/www.medicsintegralsalut.com\/ca\/#\/schema\/logo\/image\/","url":"https:\/\/www.medicsintegralsalut.com\/wp-content\/uploads\/2021\/12\/Logo-web-03_250.png","contentUrl":"https:\/\/www.medicsintegralsalut.com\/wp-content\/uploads\/2021\/12\/Logo-web-03_250.png","width":250,"height":99,"caption":"MedicsIntegralSalut"},"image":{"@id":"https:\/\/www.medicsintegralsalut.com\/ca\/#\/schema\/logo\/image\/"}}]}},"_links":{"self":[{"href":"https:\/\/www.medicsintegralsalut.com\/ca\/wp-json\/wp\/v2\/pages\/4033"}],"collection":[{"href":"https:\/\/www.medicsintegralsalut.com\/ca\/wp-json\/wp\/v2\/pages"}],"about":[{"href":"https:\/\/www.medicsintegralsalut.com\/ca\/wp-json\/wp\/v2\/types\/page"}],"author":[{"embeddable":true,"href":"https:\/\/www.medicsintegralsalut.com\/ca\/wp-json\/wp\/v2\/users\/3"}],"replies":[{"embeddable":true,"href":"https:\/\/www.medicsintegralsalut.com\/ca\/wp-json\/wp\/v2\/comments?post=4033"}],"version-history":[{"count":2,"href":"https:\/\/www.medicsintegralsalut.com\/ca\/wp-json\/wp\/v2\/pages\/4033\/revisions"}],"predecessor-version":[{"id":4035,"href":"https:\/\/www.medicsintegralsalut.com\/ca\/wp-json\/wp\/v2\/pages\/4033\/revisions\/4035"}],"wp:attachment":[{"href":"https:\/\/www.medicsintegralsalut.com\/ca\/wp-json\/wp\/v2\/media?parent=4033"}],"curies":[{"name":"wp","href":"https:\/\/api.w.org\/{rel}","templated":true}]}}