{"id":4036,"date":"2019-10-28T15:04:29","date_gmt":"2019-10-28T13:04:29","guid":{"rendered":"https:\/\/www.medicsintegralsalut.com\/politica-de-cookies\/"},"modified":"2022-07-21T10:35:31","modified_gmt":"2022-07-21T08:35:31","slug":"politica-de-cookies","status":"publish","type":"page","link":"https:\/\/www.medicsintegralsalut.com\/ca\/politica-de-cookies\/","title":{"rendered":"Pol\u00edtica de cookies"},"content":{"rendered":"<p>[vc_row css_animation=&#8221;&#8221; row_type=&#8221;row&#8221; use_row_as_full_screen_section=&#8221;no&#8221; type=&#8221;full_width&#8221; angled_section=&#8221;no&#8221; text_align=&#8221;left&#8221; background_image_as_pattern=&#8221;without_pattern&#8221;][vc_column][vc_row_inner row_type=&#8221;row&#8221; type=&#8221;grid&#8221; text_align=&#8221;left&#8221; css_animation=&#8221;&#8221;][vc_column_inner][vc_column_text el_class=&#8221;h1-interno&#8221;]<\/p>\n<h1 style=\"text-align: center;\">Pol\u00edtica de cookies<\/h1>\n<p>[\/vc_column_text][vc_separator type=&#8221;small&#8221; position=&#8221;center&#8221; color=&#8221;#f7b844&#8243;][\/vc_column_inner][\/vc_row_inner][vc_empty_space][\/vc_column][\/vc_row][vc_row css_animation=&#8221;&#8221; row_type=&#8221;row&#8221; use_row_as_full_screen_section=&#8221;no&#8221; type=&#8221;full_width&#8221; angled_section=&#8221;no&#8221; text_align=&#8221;left&#8221; background_image_as_pattern=&#8221;without_pattern&#8221;][vc_column][vc_row_inner row_type=&#8221;row&#8221; type=&#8221;grid&#8221; text_align=&#8221;left&#8221; css_animation=&#8221;&#8221;][vc_column_inner][vc_column_text el_class=&#8221;subt-interno&#8221;]Conformement al que disposa l&#8217;article 22.2 de la Llei 34\/2002, d&#8217;11 de juliol, de Serveis de la Societat de la Informaci\u00f3 i de Comer\u00e7 Electr\u00f2nic (LSSI-CE) vigent, VIOLET GRUP MEDIC SL ha de complir amb l&#8217;obligaci\u00f3 d&#8217;informar sobre les galetes que utilitza i les seves finalitats.<\/p>\n<p>Aquest lloc web utilitza galetes i\/o tecnologies similars que emmagatzemen i recuperen informaci\u00f3 quan navegues.<\/p>\n<p>Les cookies permeten a una p\u00e0gina web, entre altres coses, emmagatzemar i recuperar informaci\u00f3 sobre els h\u00e0bits de navegaci\u00f3 d&#8217;un Usuari o del seu equip i, depenent de la informaci\u00f3 que contingui i de la manera com utilitzi el seu equip, es poden utilitzar per recon\u00e8ixer a l&#8217;Usuari.<\/p>\n<p>Les cookies s\u00f3n essencials per al funcionament d&#8217;internet, aportant innombrables avantatges en la prestaci\u00f3 de serveis interactius, facilitant a l&#8217;usuari la navegaci\u00f3 i la usabilitat de la nostra web.<\/p>\n<p>L&#8217;usuari pot modificar la configuraci\u00f3 personalitzada fent clic al bot\u00f3 que es troba a baix a l&#8217;esquerra.<\/p>\n<p>La informaci\u00f3 que us proporcionem a continuaci\u00f3, us ajudar\u00e0 a comprendre els diferents tipus de cookies.<\/p>\n<h2>TIPS DE COOKIES<\/h2>\n<h3>SEGONS L&#8217;ENTITAT QUE LES GESTIONE<\/h3>\n<p>COOKIES PR\u00d2PIES: S\u00f3n aquelles que s&#8217;envien a l&#8217;equip terminal de l&#8217;usuari des d&#8217;un equip o domini gestionat pel propi editor i des del qual es presta el servei sol\u00b7licitat per l&#8217;usuari.<\/p>\n<p>COOKIES DE TERCERS: S\u00f3n aquelles que s&#8217;envien a l&#8217;equip terminal de l&#8217;usuari des d&#8217;un equip o domini que no \u00e9s gestionat per l&#8217;editor, sin\u00f3 per una altra entitat que tracta les dades obtingudes a trav\u00e9s de les cookies.<\/p>\n<h3>SEGONS EL TERMINI DE TEMPS QUE ROMANDEN ACTIVADES<\/h3>\n<p>COOKIES DE SESSI\u00d3: S\u00f3n aquelles dissenyades per demanar i emmagatzemar dades mentre l&#8217;usuari accedeix a una p\u00e0gina web. Se solen emprar per emmagatzemar informaci\u00f3 que nom\u00e9s interessa conservar per a la prestaci\u00f3 del servei sol\u00b7licitat per l&#8217;usuari en una sola ocasi\u00f3 (per exemple, una llista de productes adquirits) i desapareixen en acabar la sessi\u00f3.<\/p>\n<p>COOKIES PERSISTENTS: S\u00f3n aquelles en qu\u00e8 les dades segueixen emmagatzemades al terminal i poden ser accedides i tractades durant un per\u00edode definit pel responsable de la galeta, i que pot anar d&#8217;uns minuts a diversos anys.<\/p>\n<h3>SEGONS LA SEVA FINALITAT<\/h3>\n<p>COOKIES T\u00c8CNIQUES: S\u00f3n aquelles que permeten a l&#8217;usuari la navegaci\u00f3 a trav\u00e9s d&#8217;una p\u00e0gina web, plataforma o aplicaci\u00f3 i la utilitzaci\u00f3 de les diferents opcions o serveis que hi hagi.<\/p>\n<p>COOKIES DE PERSONALITZACI\u00d3: Permeten aplicar caracter\u00edstiques pr\u00f2pies per a la\u00a0navegaci\u00f3 de l&#8217;usuari pel website (Ex. idioma).<\/p>\n<p>COOKIES D&#8217;AN\u00c0LISI: S\u00f3n aquelles que permeten al responsable de les mateixes el seguiment i an\u00e0lisi del comportament dels usuaris dels llocs web als quals estan vinculades, inclosa l&#8217;assessorament i adaptaci\u00f3 a la quantificaci\u00f3 dels impactes dels anuncis. La informaci\u00f3 recollida mitjan\u00e7ant aquest tipus de cookies s&#8217;utilitza en el mesurament de l&#8217;activitat dels llocs web, aplicaci\u00f3 o plataforma, amb la finalitat d&#8217;introduir millores en funci\u00f3 de l&#8217;an\u00e0lisi de les dades d&#8217;\u00fas que fan els usuaris del servei.<\/p>\n<p>COOKIES PUBLICIT\u00c0RIES: Permeten a l&#8217;editor incloure a la p\u00e0gina web espais publicitaris, segons el contingut de la pr\u00f2pia web.<\/p>\n<p>COOKIES DE PUBLICITAT\u00a0COMPORTAMENTAL: S\u00f3n aquelles que emmagatzemen informaci\u00f3 del comportament dels usuaris obtinguda a trav\u00e9s de l&#8217;observaci\u00f3 continuada dels seus h\u00e0bits de navegaci\u00f3, cosa que permet desenvolupar un perfil espec\u00edfic per mostrar publicitat en funci\u00f3 del mateix.<\/p>\n<p>Addicionalment, VIOLET GRUP MEDIC SL informa de manera m\u00e9s detallada de les cookies que utilitza els seus titulars, l&#8217;\u00fas o finalitat concreta, els terminis de conservaci\u00f3 aix\u00ed com de les transfer\u00e8ncies internacionals de dades de cadascuna d&#8217;elles utilitzades a la nostra p\u00e0gina web:<\/p>\n        <div class=\"ct-ultimate-gdpr-container\">\n            <label for=\"ct-ultimate-gdpr-party-filter\"> First or Third Party Filter<\/label>\n            <select name=\"ct-ultimate-gdpr-party-filter\" id=\"ct-ultimate-gdpr-party-filter\">\n                <option value=\"\">Any<\/option>\n                <option value=\"First party\">First party<\/option>\n                <option value=\"Third party\">Third party<\/option>\n            <\/select>\n        <\/div>\n        <div id=\"ct-ultimate-gdpr-cookies-table\" class=\"ct-ultimate-gdpr-table-responsive table-responsive\">\n            <table>\n                <thead>\n                    <tr>\n                        <th>\n                            Cookie names                        <\/th>\n                        <th>\n                            Type of cookie                        <\/th>\n                        <th>\n                            First or Third party                        <\/th>\n                        <th>\n                            Can be blocked                        <\/th>\n                        <th>\n                            Session or Persistent                        <\/th>\n                        <th>\n                            Expiry Time                        <\/th>\n                        <th>\n                            Purpose                        <\/th>\n                    <\/tr>\n                <\/thead>\n                <tbody><\/tbody>\n            <\/table>\n        <\/div>\n\t\t\n<p>** Pot informar-se de les transfer\u00e8ncies internacionals a tercers pa\u00efsos que, si escau, realitzen els TERCERS identificats en aquesta pol\u00edtica de cookies en les seves pol\u00edtiques corresponents (fer clic sobre el titular de la galeta) **<\/p>\n<p>Podeu modificar les vostres prefer\u00e8ncies fent clic  \r\n<style>\r\n\t#single,\r\n    #ct-ultimate-gdpr-cookie-modal-body h1,\r\n    #ct-ultimate-gdpr-cookie-modal-body h2,\r\n    #ct-ultimate-gdpr-cookie-modal-body h3,\r\n    #ct-ultimate-gdpr-cookie-modal-body h4,\r\n    #ct-ultimate-gdpr-cookie-modal-body h5,\r\n    #ct-ultimate-gdpr-cookie-modal-body h6 {\r\n        color: #595959;\r\n    }\r\n<\/style>\r\n    <a href=\"#\" class=\"ct-ultimate-triggler-modal-sc\">aqu\u00ed<\/a>\r\n\r\n\r\n<div id=\"ct-ultimate-gdpr-cookie-modal\" class=\"ct-ultimate-gdpr--Groups-4 ct-ultimate-gdpr--NoBlockGroup\">\r\n\t\t\r\n\t<!-- Modal content -->\r\n    <div class=\"ct-ultimate-gdpr-cookie-modal-content  ct-ultimate-gdpr-cookie-modal-content-single\">\r\n\t\t\r\n\t\t            <div id=\"ct-ultimate-gdpr-cookie-modal-close\"><\/div>\r\n\t\t\r\n        <div id=\"ct-ultimate-gdpr-cookie-modal-body\" class=\"ct-ultimate-gdpr-slider-not-block\">\r\n\r\n\t\t\t\r\n\t\t\t                <div style=\"color:#797979\"> <p class=\"h2\">Ajustaments de privacitat<\/p>\n<div class=\"ct-ultimate-gdpr-cookie-modal-desc\">\nDecideixi quines cookies vol permetre\nPot canviar aquests ajustaments en qualsevol moment. No obstant, aix\u00f2 pot fer que algunes funcions deixin d'estar disponibles. Per obtenir informaci\u00f3 sobre com eliminar les cookies, si us plau consulti la nostra secci\u00f3:\n<a href=\"https:\/\/www.medicstetics.com\/ca\/politica-de-cookies\/\" target=\"_blank\" rel=\"noopener noreferrer\">M\u00c9S INFORMACI\u00d3 SOBRE LES COOKIES QUE FEM SERVIR.<\/a>.\n<\/div>\n<h3>Amb el lliscador, pot habilitar o deshabilitar els diferents tipus de cookies:<\/h3>\n <\/div>\r\n\t\t\t\t\t\r\n\r\n\t\t\t<form action=\"#\" class=\"ct-ultimate-gdpr-cookie-modal-single\" >\r\n\t\t\t\t<ul>\r\n\t\t\t\t\t\t\t\t\t\t\t\t\t<li><label for=\"cookie5\">\r\n\t\t\t\t\t\t<img decoding=\"async\" class=\"ct-svg\" src=\"https:\/\/www.medicsintegralsalut.com\/wp-content\/plugins\/ct-ultimate-gdpr\/assets\/css\/images\/essential.svg\" style=\"width: 60px;\" alt=\"Essencials\">\r\n\t\t\t\t\t\t<\/label>\r\n\t\t\t\t\t\t<span>Essencials<\/span>\r\n\t\t\t\t\t\t<input type=\"checkbox\" name=\"radio-group\" id=\"cookie5\" value=\"5\" class=\"ct-ultimate-gdpr-cookie-modal-single-item\" \r\n\t\t\t\t\t\tchecked \/><\/li>\r\n\t\t\t\t\t\t\t\t\t\t\t\t\t<li><label for=\"cookie6\">\r\n\t\t\t\t\t\t<img decoding=\"async\" class=\"ct-svg\" src=\"https:\/\/www.medicsintegralsalut.com\/wp-content\/plugins\/ct-ultimate-gdpr\/assets\/css\/images\/functionality.svg\" alt=\"Funcionalitat\">\r\n\t\t\t\t\t\t<\/label>\r\n\t\t\t\t\t\t<span>Funcionalitat<\/span>\r\n\t\t\t\t\t\t<input type=\"checkbox\" name=\"radio-group\"  id=\"cookie6\" value=\"6\" class=\"ct-ultimate-gdpr-cookie-modal-single-item\"\r\n\t\t\t\t\t\t\/><\/li>\r\n\t\t\t\t\t\t\t\t\t\t\t\t\t<li><label for=\"cookie7\">\r\n\t\t\t\t\t\t<img decoding=\"async\" class=\"ct-svg\" src=\"https:\/\/www.medicsintegralsalut.com\/wp-content\/plugins\/ct-ultimate-gdpr\/assets\/css\/images\/statistics.svg\" alt=\"Anal\u00edtica\">\r\n\t\t\t\t\t\t<\/label>\r\n\t\t\t\t\t\t<span>Anal\u00edtica<\/span>\r\n\t\t\t\t\t\t<input type=\"checkbox\" name=\"radio-group\"  id=\"cookie7\" value=\"7\" class=\"ct-ultimate-gdpr-cookie-modal-single-item\" \r\n\t\t\t\t\t\t\/><\/li>\r\n\t\t\t\t\t\t\t\t\t\t\t\t\t<li><label for=\"cookie8\">\r\n\t\t\t\t\t\t<img decoding=\"async\" class=\"ct-svg\" src=\"https:\/\/www.medicsintegralsalut.com\/wp-content\/plugins\/ct-ultimate-gdpr\/assets\/css\/images\/targeting.svg\" alt=\"Publicitat\">\r\n\t\t\t\t\t\t<\/label>\r\n\t\t\t\t\t\t<span>Publicitat<\/span>\r\n\t\t\t\t\t\t<input type=\"checkbox\" name=\"radio-group\"  id=\"cookie8\" value=\"8\" class=\"ct-ultimate-gdpr-cookie-modal-single-item\" \r\n\t\t\t\t\t\t\/><\/li>\r\n\r\n\t\t\t\t<\/ul>\r\n\t\t\t\t\t\t\t<\/form>\r\n\r\n\t\t\t<div class=\"ct-ultimate-gdpr-cookie-modal-single-wrap\">\r\n\t\t\t\t<div class=\"ct-ultimate-gdpr-cookie-modal-single-wrap__inner\">\r\n                   \r\n\t\t\t\t\t<div class=\"ct-ultimate-gdpr-cookie-modal-single-wrap__inner--title\">\r\n\t\t\t\t\t\t<div class=\"title-block\">\t\t\t\r\n\t\t\t\t\t\t\t<h4 style=\"color: #595959;\">Aquest lloc web<\/h4><\/div>\r\n\t\t\t\t\t\t\r\n\t\t\t\t\t\t<div class=\"title-block\">\t\t\t\r\n\t\t\t\t\t\t\t<h4 style=\"color: #595959;\">Aquest lloc web no<\/h4>\r\n\t\t\t\t\t\t<\/div>\r\n\t\t\t\t\t\t<div class=\"ct-clearfix\"><\/div>\r\n\t\t\t\t\t<\/div> <!-- \/\/end title -->\r\n\t\t\t\t\t\t\t\t\t\t<div class=\"ct-ultimate-gdpr-cookie-modal-single-wrap__inner--info\">\r\n\t\t\t\t\t\t<div class=\"ct-ultimate-gdpr-cookie-modal-single__info--desc\" id=\"desc-left\">\r\n\t\t\t\t\t\t\t<ul class=\"ct-ultimate-gdpr-cookie-modal-slider-able\" style=\"color: #797979;\">\r\n\t\t\t\t\t\t\t\r\n\t\t\t\t\t\t\t\r\n\t\t\t\t\t\t\t\t\t\t\t\t\t\t\r\n\t\t\t\t\t\t\t\r\n\t\t\t\t\t\t\t\t\t\t\t\t\t\t\r\n\t\t\t\t\t\t\t\t\r\n\t\t\t\t\t\t\t<\/ul>\r\n\t\t\t\t\t\t<\/div>\r\n\t\t\t\t\t\t<div class=\"ct-ultimate-gdpr-cookie-modal-single__info--desc\" id=\"desc-right\">\r\n\t\t\t\t\t\t\t<ul class=\"ct-ultimate-gdpr-cookie-modal-slider-not-able\" style=\"color: #797979;\">\r\n\t\t\t\t\t\t\t<li>Remember your login details<\/li>\r\n\t\t\t\t\t\t\t\r\n\t\t\t\t\t\t\t\t\t\t\t\t\t\t\r\n\t\t\t\t\t\t\t\r\n\t\t\t\t\t\t\t\t\t\t\t\t\t\t\t\t\r\n\t\t\t\t\t\t\t\t\t\r\n\t\t\t\t\t\t    <\/ul>\r\n\t\t\t\t\t\t<\/div>\r\n\t\t\t\t\t\t<div class=\"ct-clearfix\"><\/div>\r\n\t\t\t\t\t<\/div>\r\n \r\n\r\n\t\t\t\t<\/div>\t\r\n\t\t\t<\/div>\r\n\t\t\t\r\n\t\t\t\r\n\t\t\t<div class=\"ct-ultimate-gdpr-cookie-modal-btn save\">\r\n                <a href=\"#\">Guardar i tancar<\/a>\r\n            <\/div>\r\n\r\n\t\t<\/div>\r\n\r\n\t<\/div>\r\n\t\r\n<\/div>\n<p>Tingueu en compte que, si accepteu les galetes de tercers, les heu d&#8217;eliminar des de les opcions del navegador o des del sistema ofert pel mateix tercer.<\/p>\n<p>A continuaci\u00f3 us proporcionem els enlla\u00e7os de diversos navegadors, a trav\u00e9s dels quals podreu modificar la configuraci\u00f3 del vostre navegador sobre l&#8217;\u00fas de cookies:<\/p>\n<p>Firefox des d&#8217;aqu\u00ed: <a href=\"http:\/\/support.mozilla.org\/ca\/kb\/habilitar-y-deshabilitar-cookies-que-los-sitios-web\" target=\"_blank\" rel=\"noopener noreferrer\">http:\/\/support.mozilla.org\/ca\/kb\/habilitar-y-deshabilitar-cookies-que-los-sitios-web<\/a><\/p>\n<p>Chrome des d&#8217;aqu\u00ed: <a href=\"http:\/\/support.google.com\/chrome\/bin\/answer.py?hl=ca&amp;answer=95647\" target=\"_blank\" rel=\"noopener noreferrer\">http:\/ \/support.google.com\/chrome\/bin\/answer.py?hl=ca&amp;answer=95647<\/a><\/p>\n<p>Explorer des d&#8217;aqu\u00ed: <a href=\"http:\/\/windows.microsoft.com\/es-es\/internet-explorer\/delete-manage-cookies#ie=ie-10\" target=\"_blank\" rel=\"noopener noreferrer\">http:\/\/windows.microsoft.com\/es-es\/internet-explorer\/delete-manage-cookies#ie=ie-10<\/a><\/p>\n<p>Safari des d&#8217;aqu\u00ed: <a href=\"https:\/\/support.apple.com\/kb\/ph17191?locale=ca_ES\" target=\"_blank\" rel=\"noopener noreferrer\">https:\/\/support.apple.com\/kb \/ph17191?locale=ca_ES<\/a><\/p>\n<p>Opera des d&#8217;aqu\u00ed: <a href=\"https:\/\/help.opera.com\/en\/latest\/web-preferences\/#cookies\" target=\"_blank\" rel=\"noopener noreferrer\">https:\/\/help.opera. com\/en\/latest\/web-preferences\/#cookies<\/a><\/p>\n<p>Per con\u00e8ixer m\u00e9s informaci\u00f3 sobre el tractament de dades personals, us recomanem visitar el nostre apartat \u201cPol\u00edtica de Privadesa\u201d.<\/p>\n<p>\u00daLTIMA ACTUALITZACI\u00d3: 17 de novembre de 2021[\/vc_column_text][\/vc_column_inner][\/vc_row_inner][vc_empty_space][\/vc_column][\/vc_row]<\/p>\n","protected":false},"excerpt":{"rendered":"<p>[vc_row css_animation=&#8221;&#8221; row_type=&#8221;row&#8221; use_row_as_full_screen_section=&#8221;no&#8221; type=&#8221;full_width&#8221; angled_section=&#8221;no&#8221; text_align=&#8221;left&#8221; background_image_as_pattern=&#8221;without_pattern&#8221;][vc_column][vc_row_inner row_type=&#8221;row&#8221; type=&#8221;grid&#8221; text_align=&#8221;left&#8221; css_animation=&#8221;&#8221;][vc_column_inner][vc_column_text el_class=&#8221;h1-interno&#8221;] Pol\u00edtica de cookies [\/vc_column_text][vc_separator type=&#8221;small&#8221; position=&#8221;center&#8221; color=&#8221;#f7b844&#8243;][\/vc_column_inner][\/vc_row_inner][vc_empty_space][\/vc_column][\/vc_row][vc_row css_animation=&#8221;&#8221; row_type=&#8221;row&#8221; use_row_as_full_screen_section=&#8221;no&#8221; type=&#8221;full_width&#8221; angled_section=&#8221;no&#8221; text_align=&#8221;left&#8221; background_image_as_pattern=&#8221;without_pattern&#8221;][vc_column][vc_row_inner row_type=&#8221;row&#8221; type=&#8221;grid&#8221; text_align=&#8221;left&#8221; css_animation=&#8221;&#8221;][vc_column_inner][vc_column_text el_class=&#8221;subt-interno&#8221;]Conformement al que disposa l&#8217;article 22.2 de la Llei 34\/2002, d&#8217;11 de juliol, de&#8230;<\/p>\n","protected":false},"author":3,"featured_media":0,"parent":0,"menu_order":99,"comment_status":"closed","ping_status":"closed","template":"full_width.php","meta":{"footnotes":""},"class_list":["post-4036","page","type-page","status-publish","hentry"],"acf":[],"yoast_head":"<!-- This site is optimized with the Yoast SEO plugin v24.0 - https:\/\/yoast.com\/wordpress\/plugins\/seo\/ -->\n<title>Pol\u00edtica de cookies - MedicsIntegralSalut<\/title>\n<meta name=\"robots\" content=\"index, follow, max-snippet:-1, max-image-preview:large, max-video-preview:-1\" \/>\n<link rel=\"canonical\" href=\"https:\/\/www.medicsintegralsalut.com\/ca\/politica-de-cookies\/\" \/>\n<meta property=\"og:locale\" content=\"ca_ES\" \/>\n<meta property=\"og:type\" content=\"article\" \/>\n<meta property=\"og:title\" content=\"Pol\u00edtica de cookies - MedicsIntegralSalut\" \/>\n<meta property=\"og:description\" content=\"[vc_row css_animation=&#8221;&#8221; row_type=&#8221;row&#8221; use_row_as_full_screen_section=&#8221;no&#8221; type=&#8221;full_width&#8221; angled_section=&#8221;no&#8221; text_align=&#8221;left&#8221; background_image_as_pattern=&#8221;without_pattern&#8221;][vc_column][vc_row_inner row_type=&#8221;row&#8221; type=&#8221;grid&#8221; text_align=&#8221;left&#8221; css_animation=&#8221;&#8221;][vc_column_inner][vc_column_text el_class=&#8221;h1-interno&#8221;] Pol\u00edtica de cookies [\/vc_column_text][vc_separator type=&#8221;small&#8221; position=&#8221;center&#8221; color=&#8221;#f7b844&#8243;][\/vc_column_inner][\/vc_row_inner][vc_empty_space][\/vc_column][\/vc_row][vc_row css_animation=&#8221;&#8221; row_type=&#8221;row&#8221; use_row_as_full_screen_section=&#8221;no&#8221; type=&#8221;full_width&#8221; angled_section=&#8221;no&#8221; text_align=&#8221;left&#8221; background_image_as_pattern=&#8221;without_pattern&#8221;][vc_column][vc_row_inner row_type=&#8221;row&#8221; type=&#8221;grid&#8221; text_align=&#8221;left&#8221; css_animation=&#8221;&#8221;][vc_column_inner][vc_column_text el_class=&#8221;subt-interno&#8221;]Conformement al que disposa l&#8217;article 22.2 de la Llei 34\/2002, d&#8217;11 de juliol, de...\" \/>\n<meta property=\"og:url\" content=\"https:\/\/www.medicsintegralsalut.com\/ca\/politica-de-cookies\/\" \/>\n<meta property=\"og:site_name\" content=\"MedicsIntegralSalut\" \/>\n<meta property=\"article:modified_time\" content=\"2022-07-21T08:35:31+00:00\" \/>\n<meta name=\"twitter:card\" content=\"summary_large_image\" \/>\n<meta name=\"twitter:label1\" content=\"Temps estimat de lectura\" \/>\n\t<meta name=\"twitter:data1\" content=\"5 minuts\" \/>\n<script type=\"application\/ld+json\" class=\"yoast-schema-graph\">{\"@context\":\"https:\/\/schema.org\",\"@graph\":[{\"@type\":\"WebPage\",\"@id\":\"https:\/\/www.medicsintegralsalut.com\/ca\/politica-de-cookies\/\",\"url\":\"https:\/\/www.medicsintegralsalut.com\/ca\/politica-de-cookies\/\",\"name\":\"Pol\u00edtica de cookies - MedicsIntegralSalut\",\"isPartOf\":{\"@id\":\"https:\/\/www.medicsintegralsalut.com\/ca\/#website\"},\"datePublished\":\"2019-10-28T13:04:29+00:00\",\"dateModified\":\"2022-07-21T08:35:31+00:00\",\"breadcrumb\":{\"@id\":\"https:\/\/www.medicsintegralsalut.com\/ca\/politica-de-cookies\/#breadcrumb\"},\"inLanguage\":\"ca\",\"potentialAction\":[{\"@type\":\"ReadAction\",\"target\":[\"https:\/\/www.medicsintegralsalut.com\/ca\/politica-de-cookies\/\"]}]},{\"@type\":\"BreadcrumbList\",\"@id\":\"https:\/\/www.medicsintegralsalut.com\/ca\/politica-de-cookies\/#breadcrumb\",\"itemListElement\":[{\"@type\":\"ListItem\",\"position\":1,\"name\":\"Portada\",\"item\":\"https:\/\/www.medicsintegralsalut.com\/ca\/\"},{\"@type\":\"ListItem\",\"position\":2,\"name\":\"Pol\u00edtica de cookies\"}]},{\"@type\":\"WebSite\",\"@id\":\"https:\/\/www.medicsintegralsalut.com\/ca\/#website\",\"url\":\"https:\/\/www.medicsintegralsalut.com\/ca\/\",\"name\":\"MedicsIntegralSalut\",\"description\":\"Cirug\u00eda est\u00e9tica\",\"publisher\":{\"@id\":\"https:\/\/www.medicsintegralsalut.com\/ca\/#organization\"},\"potentialAction\":[{\"@type\":\"SearchAction\",\"target\":{\"@type\":\"EntryPoint\",\"urlTemplate\":\"https:\/\/www.medicsintegralsalut.com\/ca\/?s={search_term_string}\"},\"query-input\":{\"@type\":\"PropertyValueSpecification\",\"valueRequired\":true,\"valueName\":\"search_term_string\"}}],\"inLanguage\":\"ca\"},{\"@type\":\"Organization\",\"@id\":\"https:\/\/www.medicsintegralsalut.com\/ca\/#organization\",\"name\":\"MedicsIntegralSalut\",\"url\":\"https:\/\/www.medicsintegralsalut.com\/ca\/\",\"logo\":{\"@type\":\"ImageObject\",\"inLanguage\":\"ca\",\"@id\":\"https:\/\/www.medicsintegralsalut.com\/ca\/#\/schema\/logo\/image\/\",\"url\":\"https:\/\/www.medicsintegralsalut.com\/wp-content\/uploads\/2021\/12\/Logo-web-03_250.png\",\"contentUrl\":\"https:\/\/www.medicsintegralsalut.com\/wp-content\/uploads\/2021\/12\/Logo-web-03_250.png\",\"width\":250,\"height\":99,\"caption\":\"MedicsIntegralSalut\"},\"image\":{\"@id\":\"https:\/\/www.medicsintegralsalut.com\/ca\/#\/schema\/logo\/image\/\"}}]}<\/script>\n<!-- \/ Yoast SEO plugin. -->","yoast_head_json":{"title":"Pol\u00edtica de cookies - MedicsIntegralSalut","robots":{"index":"index","follow":"follow","max-snippet":"max-snippet:-1","max-image-preview":"max-image-preview:large","max-video-preview":"max-video-preview:-1"},"canonical":"https:\/\/www.medicsintegralsalut.com\/ca\/politica-de-cookies\/","og_locale":"ca_ES","og_type":"article","og_title":"Pol\u00edtica de cookies - MedicsIntegralSalut","og_description":"[vc_row css_animation=&#8221;&#8221; row_type=&#8221;row&#8221; use_row_as_full_screen_section=&#8221;no&#8221; type=&#8221;full_width&#8221; angled_section=&#8221;no&#8221; text_align=&#8221;left&#8221; background_image_as_pattern=&#8221;without_pattern&#8221;][vc_column][vc_row_inner row_type=&#8221;row&#8221; type=&#8221;grid&#8221; text_align=&#8221;left&#8221; css_animation=&#8221;&#8221;][vc_column_inner][vc_column_text el_class=&#8221;h1-interno&#8221;] Pol\u00edtica de cookies [\/vc_column_text][vc_separator type=&#8221;small&#8221; position=&#8221;center&#8221; color=&#8221;#f7b844&#8243;][\/vc_column_inner][\/vc_row_inner][vc_empty_space][\/vc_column][\/vc_row][vc_row css_animation=&#8221;&#8221; row_type=&#8221;row&#8221; use_row_as_full_screen_section=&#8221;no&#8221; type=&#8221;full_width&#8221; angled_section=&#8221;no&#8221; text_align=&#8221;left&#8221; background_image_as_pattern=&#8221;without_pattern&#8221;][vc_column][vc_row_inner row_type=&#8221;row&#8221; type=&#8221;grid&#8221; text_align=&#8221;left&#8221; css_animation=&#8221;&#8221;][vc_column_inner][vc_column_text el_class=&#8221;subt-interno&#8221;]Conformement al que disposa l&#8217;article 22.2 de la Llei 34\/2002, d&#8217;11 de juliol, de...","og_url":"https:\/\/www.medicsintegralsalut.com\/ca\/politica-de-cookies\/","og_site_name":"MedicsIntegralSalut","article_modified_time":"2022-07-21T08:35:31+00:00","twitter_card":"summary_large_image","twitter_misc":{"Temps estimat de lectura":"5 minuts"},"schema":{"@context":"https:\/\/schema.org","@graph":[{"@type":"WebPage","@id":"https:\/\/www.medicsintegralsalut.com\/ca\/politica-de-cookies\/","url":"https:\/\/www.medicsintegralsalut.com\/ca\/politica-de-cookies\/","name":"Pol\u00edtica de cookies - MedicsIntegralSalut","isPartOf":{"@id":"https:\/\/www.medicsintegralsalut.com\/ca\/#website"},"datePublished":"2019-10-28T13:04:29+00:00","dateModified":"2022-07-21T08:35:31+00:00","breadcrumb":{"@id":"https:\/\/www.medicsintegralsalut.com\/ca\/politica-de-cookies\/#breadcrumb"},"inLanguage":"ca","potentialAction":[{"@type":"ReadAction","target":["https:\/\/www.medicsintegralsalut.com\/ca\/politica-de-cookies\/"]}]},{"@type":"BreadcrumbList","@id":"https:\/\/www.medicsintegralsalut.com\/ca\/politica-de-cookies\/#breadcrumb","itemListElement":[{"@type":"ListItem","position":1,"name":"Portada","item":"https:\/\/www.medicsintegralsalut.com\/ca\/"},{"@type":"ListItem","position":2,"name":"Pol\u00edtica de cookies"}]},{"@type":"WebSite","@id":"https:\/\/www.medicsintegralsalut.com\/ca\/#website","url":"https:\/\/www.medicsintegralsalut.com\/ca\/","name":"MedicsIntegralSalut","description":"Cirug\u00eda est\u00e9tica","publisher":{"@id":"https:\/\/www.medicsintegralsalut.com\/ca\/#organization"},"potentialAction":[{"@type":"SearchAction","target":{"@type":"EntryPoint","urlTemplate":"https:\/\/www.medicsintegralsalut.com\/ca\/?s={search_term_string}"},"query-input":{"@type":"PropertyValueSpecification","valueRequired":true,"valueName":"search_term_string"}}],"inLanguage":"ca"},{"@type":"Organization","@id":"https:\/\/www.medicsintegralsalut.com\/ca\/#organization","name":"MedicsIntegralSalut","url":"https:\/\/www.medicsintegralsalut.com\/ca\/","logo":{"@type":"ImageObject","inLanguage":"ca","@id":"https:\/\/www.medicsintegralsalut.com\/ca\/#\/schema\/logo\/image\/","url":"https:\/\/www.medicsintegralsalut.com\/wp-content\/uploads\/2021\/12\/Logo-web-03_250.png","contentUrl":"https:\/\/www.medicsintegralsalut.com\/wp-content\/uploads\/2021\/12\/Logo-web-03_250.png","width":250,"height":99,"caption":"MedicsIntegralSalut"},"image":{"@id":"https:\/\/www.medicsintegralsalut.com\/ca\/#\/schema\/logo\/image\/"}}]}},"_links":{"self":[{"href":"https:\/\/www.medicsintegralsalut.com\/ca\/wp-json\/wp\/v2\/pages\/4036"}],"collection":[{"href":"https:\/\/www.medicsintegralsalut.com\/ca\/wp-json\/wp\/v2\/pages"}],"about":[{"href":"https:\/\/www.medicsintegralsalut.com\/ca\/wp-json\/wp\/v2\/types\/page"}],"author":[{"embeddable":true,"href":"https:\/\/www.medicsintegralsalut.com\/ca\/wp-json\/wp\/v2\/users\/3"}],"replies":[{"embeddable":true,"href":"https:\/\/www.medicsintegralsalut.com\/ca\/wp-json\/wp\/v2\/comments?post=4036"}],"version-history":[{"count":2,"href":"https:\/\/www.medicsintegralsalut.com\/ca\/wp-json\/wp\/v2\/pages\/4036\/revisions"}],"predecessor-version":[{"id":4038,"href":"https:\/\/www.medicsintegralsalut.com\/ca\/wp-json\/wp\/v2\/pages\/4036\/revisions\/4038"}],"wp:attachment":[{"href":"https:\/\/www.medicsintegralsalut.com\/ca\/wp-json\/wp\/v2\/media?parent=4036"}],"curies":[{"name":"wp","href":"https:\/\/api.w.org\/{rel}","templated":true}]}}