{"id":4137,"date":"2019-10-08T12:55:15","date_gmt":"2019-10-08T10:55:15","guid":{"rendered":"https:\/\/www.medicsintegralsalut.com\/contacte\/"},"modified":"2022-08-22T11:27:11","modified_gmt":"2022-08-22T09:27:11","slug":"contacte","status":"publish","type":"page","link":"https:\/\/www.medicsintegralsalut.com\/ca\/contacte\/","title":{"rendered":"Contacte"},"content":{"rendered":"<p>[vc_row css_animation=&#8221;&#8221; row_type=&#8221;row&#8221; use_row_as_full_screen_section=&#8221;no&#8221; type=&#8221;full_width&#8221; angled_section=&#8221;no&#8221; text_align=&#8221;left&#8221; video=&#8221;show_video&#8221; background_image_as_pattern=&#8221;without_pattern&#8221; z_index=&#8221;&#8221; background_image=&#8221;413&#8243; el_class=&#8221;visibility: hidden&#8221;][vc_column el_class=&#8221;visibility: hidden&#8221; offset=&#8221;vc_hidden-lg vc_hidden-md vc_hidden-sm vc_hidden-xs&#8221;][vc_empty_space height=&#8221;675px&#8221;][\/vc_column][\/vc_row][vc_row css_animation=&#8221;&#8221; row_type=&#8221;row&#8221; use_row_as_full_screen_section=&#8221;no&#8221; type=&#8221;full_width&#8221; angled_section=&#8221;no&#8221; text_align=&#8221;left&#8221; background_image_as_pattern=&#8221;without_pattern&#8221;][vc_column][vc_empty_space height=&#8221;70px&#8221;][vc_row_inner row_type=&#8221;row&#8221; type=&#8221;grid&#8221; text_align=&#8221;left&#8221; css_animation=&#8221;&#8221;][vc_column_inner][vc_column_text el_class=&#8221;h1-interno&#8221;]<\/p>\n<h2 style=\"text-align: center;\">Tria estar a les millors mans.<\/h2>\n<p>[\/vc_column_text][vc_separator type=&#8221;small&#8221; position=&#8221;center&#8221; color=&#8221;#f7b844&#8243;][vc_empty_space][\/vc_column_inner][\/vc_row_inner][\/vc_column][\/vc_row][vc_row css_animation=&#8221;&#8221; row_type=&#8221;row&#8221; use_row_as_full_screen_section=&#8221;no&#8221; type=&#8221;full_width&#8221; angled_section=&#8221;no&#8221; text_align=&#8221;left&#8221; background_image_as_pattern=&#8221;without_pattern&#8221; z_index=&#8221;&#8221; anchor=&#8221;form&#8221;][vc_column][vc_row_inner row_type=&#8221;row&#8221; type=&#8221;grid&#8221; text_align=&#8221;left&#8221; css_animation=&#8221;&#8221;][vc_column_inner width=&#8221;1\/6&#8243;][\/vc_column_inner][vc_column_inner width=&#8221;4\/6&#8243;][vc_column_text el_class=&#8221;subt-interno&#8221;]<\/p>\n<p style=\"text-align: center;\">Demana una visita gratu\u00efta.<br \/>\nContacta amb nosaltres i t&#8217;atendrem sense cap comprom\u00eds.<\/p>\n<p>[\/vc_column_text][vc_empty_space][\/vc_column_inner][vc_column_inner width=&#8221;1\/6&#8243;][\/vc_column_inner][\/vc_row_inner][vc_row_inner row_type=&#8221;row&#8221; type=&#8221;grid&#8221; text_align=&#8221;left&#8221; css_animation=&#8221;&#8221; el_class=&#8221;servicio-listas&#8221;][vc_column_inner width=&#8221;1\/4&#8243;][\/vc_column_inner][vc_column_inner width=&#8221;1\/2&#8243;]\n<div class=\"wpcf7 no-js\" id=\"wpcf7-f4701-o1\" lang=\"ca\" dir=\"ltr\" data-wpcf7-id=\"4701\">\n<div class=\"screen-reader-response\"><p role=\"status\" aria-live=\"polite\" aria-atomic=\"true\"><\/p> <ul><\/ul><\/div>\n<form action=\"\/ca\/wp-json\/wp\/v2\/pages\/4137#wpcf7-f4701-o1\" method=\"post\" class=\"wpcf7-form init cf7_custom_style_1 wpcf7-acceptance-as-validation\" aria-label=\"Formulari de contacte\" novalidate=\"novalidate\" data-status=\"init\">\n<div style=\"display: none;\">\n<input type=\"hidden\" name=\"_wpcf7\" value=\"4701\" \/>\n<input type=\"hidden\" name=\"_wpcf7_version\" value=\"6.0.1\" \/>\n<input type=\"hidden\" name=\"_wpcf7_locale\" value=\"ca\" \/>\n<input type=\"hidden\" name=\"_wpcf7_unit_tag\" value=\"wpcf7-f4701-o1\" \/>\n<input type=\"hidden\" name=\"_wpcf7_container_post\" value=\"0\" \/>\n<input type=\"hidden\" name=\"_wpcf7_posted_data_hash\" value=\"\" \/>\n<input type=\"hidden\" name=\"_wpcf7_recaptcha_response\" value=\"\" \/>\n<\/div>\n<p><span class=\"wpcf7-form-control-wrap\" data-name=\"your-name\"><input size=\"40\" maxlength=\"400\" class=\"wpcf7-form-control wpcf7-text wpcf7-validates-as-required\" aria-required=\"true\" aria-invalid=\"false\" placeholder=\"Nom i cognoms\" value=\"\" type=\"text\" name=\"your-name\" \/><\/span><br \/>\n<span class=\"wpcf7-form-control-wrap\" data-name=\"your-tel\"><input size=\"40\" maxlength=\"400\" class=\"wpcf7-form-control wpcf7-tel wpcf7-validates-as-required wpcf7-text wpcf7-validates-as-tel\" aria-required=\"true\" aria-invalid=\"false\" placeholder=\"Tel\u00e8fon\" value=\"\" type=\"tel\" name=\"your-tel\" \/><\/span><br \/>\n<span class=\"wpcf7-form-control-wrap\" data-name=\"your-email\"><input size=\"40\" maxlength=\"400\" class=\"wpcf7-form-control wpcf7-email wpcf7-validates-as-required wpcf7-text wpcf7-validates-as-email\" aria-required=\"true\" aria-invalid=\"false\" placeholder=\"Correu electr\u00f2nic\" value=\"\" type=\"email\" name=\"your-email\" \/><\/span><br \/>\n<span class=\"wpcf7-form-control-wrap\" data-name=\"your-message\"><textarea cols=\"40\" rows=\"3\" maxlength=\"2000\" class=\"wpcf7-form-control wpcf7-textarea wpcf7-validates-as-required\" aria-required=\"true\" aria-invalid=\"false\" placeholder=\"Motiu de la consulta\" name=\"your-message\"><\/textarea><\/span><br \/>\n<span class=\"wpcf7-form-control-wrap\" data-name=\"acceptance-904\"><span class=\"wpcf7-form-control wpcf7-acceptance\"><span class=\"wpcf7-list-item\"><label><input type=\"checkbox\" name=\"acceptance-904\" value=\"1\" aria-invalid=\"false\" \/><span class=\"wpcf7-list-item-label\">He llegit la <a target=\"_blank\" href=\"https:\/\/www.medicsintegralsalut.com\/ca\/politica-de-privadesa\/\/\">Pol\u00edtica de privadesa<\/a><\/span><\/label><\/span><\/span><\/span>\n<\/p>\n<p><input class=\"wpcf7-form-control wpcf7-submit has-spinner\" type=\"submit\" value=\"Enviar\" \/>\n<\/p><div class=\"wpcf7-response-output\" aria-hidden=\"true\"><\/div>\n<\/form>\n<\/div>\n[vc_empty_space][vc_column_text]<\/p>\n<p style=\"text-align: center;\">\n<table id=\"tablepress-2\" class=\"tablepress tablepress-id-2\">\n<thead>\n<tr class=\"row-1\">\n\t<th class=\"column-1\">Responsable<\/th><th class=\"column-2\">VIOLET GRUP MEDIC SL <\/th>\n<\/tr>\n<\/thead>\n<tbody class=\"row-striping\">\n<tr class=\"row-2\">\n\t<td class=\"column-1\">Finalitat<\/td><td class=\"column-2\">Atendre les vostres consultes i\/o sol\u00b7licituds. Accions comercials.<\/td>\n<\/tr>\n<tr class=\"row-3\">\n\t<td class=\"column-1\">Drets<\/td><td class=\"column-2\">Accedir, rectificar i suprimir les dades, aix\u00ed com altres drets, com s'explica a la informaci\u00f3 addicional.<\/td>\n<\/tr>\n<tr class=\"row-4\">\n\t<td class=\"column-1\">Informaci\u00f3 adicional<\/td><td class=\"column-2\">Podeu consultar la informaci\u00f3 addicional i detallada sobre Protecci\u00f3 de Dades a la nostra p\u00e0gina web, apartat Pol\u00edtica de Privadesa.<\/td>\n<\/tr>\n<\/tbody>\n<\/table>\n<!-- #tablepress-2 from cache --><\/p>\n<p>[\/vc_column_text][\/vc_column_inner][vc_column_inner width=&#8221;1\/4&#8243;][\/vc_column_inner][\/vc_row_inner][\/vc_column][\/vc_row][vc_row css_animation=&#8221;&#8221; row_type=&#8221;row&#8221; use_row_as_full_screen_section=&#8221;no&#8221; type=&#8221;full_width&#8221; angled_section=&#8221;no&#8221; text_align=&#8221;left&#8221; background_image_as_pattern=&#8221;without_pattern&#8221;][vc_column][vc_row_inner row_type=&#8221;row&#8221; type=&#8221;grid&#8221; text_align=&#8221;left&#8221; css_animation=&#8221;&#8221;][vc_column_inner][vc_column_text el_class=&#8221;h2-interno&#8221;]<\/p>\n<h3 style=\"text-align: center;\">El millor perqu\u00e8 ens coneguis \u00e9s que ens vinguis a veure!<\/h3>\n<p>[\/vc_column_text][vc_empty_space][\/vc_column_inner][\/vc_row_inner][vc_row_inner row_type=&#8221;row&#8221; type=&#8221;grid&#8221; text_align=&#8221;left&#8221; css_animation=&#8221;&#8221; el_class=&#8221;zona-contacto&#8221;][vc_column_inner width=&#8221;1\/6&#8243;][\/vc_column_inner][vc_column_inner width=&#8221;1\/3&#8243;][vc_raw_html]JTNDZGl2JTIwY2xhc3MlM0QlMjJxX2ljb25fbGlzdCUyMHRlLWxsYW1hbW9zJTIyJTNFJTNDYSUyMGhyZWYlM0QlMjJ0ZWwlM0ElMkIzNDk3MjIwOTA4NiUyMiUzRSUzQ2klMjBjbGFzcyUzRCUyMnFvZGVfaWNvbl9mb250X2F3ZXNvbWUlMjBmYSUyMGZhLXBob25lJTIwcW9kZS1pbGktaWNvbi1ob2xkZXIlMjB0cmFuc3BhcmVudCUyMiUyMHN0eWxlJTNEJTIyZm9udC1zaXplJTNBJTIwMzZweCUzQmNvbG9yJTNBJTIwJTIzZjdiODQ0JTNCJTIyJTNFJTNDJTJGaSUzRSUzQ3AlMjBzdHlsZSUzRCUyMmNvbG9yJTNBJTIzNzc3Nzc3JTNCZm9udC1zaXplJTNBJTIwMjFweCUzQmZvbnQtd2VpZ2h0JTNBJTIwNjAwJTNCbWFyZ2luLWJvdHRvbSUzQSUyMDBweCUzQiUyMGNvbG9yJTNBJTIwJTIzZjdiODQ0JTNCJTIyJTNFRW52aWElMjducyUyMGxlcyUyMHRldmVzJTIwZGFkZXMlMjBpJTNDYnIlMkYlM0VldCUyMHRydXF1ZW0lM0MlMkZwJTNFJTNDJTJGYSUzRSUzQyUyRmRpdiUzRQ==[\/vc_raw_html]\n<div class=\"wpcf7 no-js\" id=\"wpcf7-f4842-o2\" lang=\"ca\" dir=\"ltr\" data-wpcf7-id=\"4842\">\n<div class=\"screen-reader-response\"><p role=\"status\" aria-live=\"polite\" aria-atomic=\"true\"><\/p> <ul><\/ul><\/div>\n<form action=\"\/ca\/wp-json\/wp\/v2\/pages\/4137#wpcf7-f4842-o2\" method=\"post\" class=\"wpcf7-form init cf7_custom_style_2\" aria-label=\"Formulari de contacte\" novalidate=\"novalidate\" data-status=\"init\">\n<div style=\"display: none;\">\n<input type=\"hidden\" name=\"_wpcf7\" value=\"4842\" \/>\n<input type=\"hidden\" name=\"_wpcf7_version\" value=\"6.0.1\" \/>\n<input type=\"hidden\" name=\"_wpcf7_locale\" value=\"ca\" \/>\n<input type=\"hidden\" name=\"_wpcf7_unit_tag\" value=\"wpcf7-f4842-o2\" \/>\n<input type=\"hidden\" name=\"_wpcf7_container_post\" value=\"0\" \/>\n<input type=\"hidden\" name=\"_wpcf7_posted_data_hash\" value=\"\" \/>\n<input type=\"hidden\" name=\"_wpcf7_recaptcha_response\" value=\"\" \/>\n<\/div>\n<p><span class=\"wpcf7-form-control-wrap\" data-name=\"your-tel\"><input size=\"40\" maxlength=\"400\" class=\"wpcf7-form-control wpcf7-tel wpcf7-validates-as-required wpcf7-text wpcf7-validates-as-tel\" aria-required=\"true\" aria-invalid=\"false\" placeholder=\"El meu tel\u00e8fon\" value=\"\" type=\"tel\" name=\"your-tel\" \/><\/span><br \/>\n<input class=\"wpcf7-form-control wpcf7-submit has-spinner\" type=\"submit\" value=\"Vull que em truqueu\" \/>\n<\/p><div class=\"wpcf7-response-output\" aria-hidden=\"true\"><\/div>\n<\/form>\n<\/div>\n[vc_column_text]<\/p>\n<p style=\"text-align: center; font-size: 12px;\">* L&#8217;enviament de les dades suposa l&#8217;acceptaci\u00f3 de la <a href=\"\/politica-de-privacitat\">Pol\u00edtica de privadesa<\/a> .<\/p>\n<p style=\"text-align: center; font-size: 12px;\">El tel\u00e8fon introdu\u00eft nom\u00e9s ser\u00e0 utilitzat per posar-nos en contacte amb vost\u00e8 i poder facilitar-vos la informaci\u00f3 sobre la vostra asseguran\u00e7a.<\/p>\n<p>[\/vc_column_text][vc_empty_space][\/vc_column_inner][vc_column_inner width=&#8221;1\/3&#8243;][vc_raw_html]JTNDZGl2JTIwY2xhc3MlM0QlMjJxX2ljb25fbGlzdCUyMiUzRSUzQ2ElMjBocmVmJTNEJTIydGVsJTNBJTJCMzQ5NzIyMDkwODYlMjIlM0UlM0NpJTIwY2xhc3MlM0QlMjJxb2RlX2ljb25fZm9udF9hd2Vzb21lJTIwZmElMjBmYS1waG9uZSUyMHFvZGUtaWxpLWljb24taG9sZGVyJTIwdHJhbnNwYXJlbnQlMjIlMjBzdHlsZSUzRCUyMmZvbnQtc2l6ZSUzQSUyMDYwcHglM0Jjb2xvciUzQSUyMCUyM2Y3Yjg0NCUzQiUyMiUzRSUzQyUyRmklM0UlM0NwJTIwc3R5bGUlM0QlMjJjb2xvciUzQSUyMzc3Nzc3NyUzQmZvbnQtc2l6ZSUzQSUyMDIxcHglM0Jmb250LXdlaWdodCUzQSUyMDYwMCUzQm1hcmdpbi1ib3R0b20lM0ElMjAwcHglM0IlMjIlM0VUcnVjYSUyN25zJTIwYXJhJTIwbWF0ZWl4JTIwc2Vuc2UlMjBjb21wcm9tJUMzJUFEcyUzQyUyRnAlM0UlM0MlMkZhJTNFJTNDJTJGZGl2JTNF[\/vc_raw_html][vc_empty_space][\/vc_column_inner][vc_column_inner width=&#8221;1\/6&#8243;][\/vc_column_inner][\/vc_row_inner][vc_empty_space][\/vc_column][\/vc_row][vc_row css_animation=&#8221;&#8221; row_type=&#8221;row&#8221; use_row_as_full_screen_section=&#8221;no&#8221; type=&#8221;full_width&#8221; angled_section=&#8221;no&#8221; text_align=&#8221;left&#8221; background_image_as_pattern=&#8221;without_pattern&#8221; z_index=&#8221;&#8221; anchor=&#8221;form&#8221;][vc_column][vc_row_inner row_type=&#8221;row&#8221; type=&#8221;grid&#8221; text_align=&#8221;left&#8221; css_animation=&#8221;&#8221;][vc_column_inner width=&#8221;1\/12&#8243;][\/vc_column_inner][vc_column_inner width=&#8221;3\/6&#8243;][vc_gmaps link=&#8221;#E-8_JTNDaWZyYW1lJTIwc3JjJTNEJTIyaHR0cHMlM0ElMkYlMkZ3d3cuZ29vZ2xlLmNvbSUyRm1hcHMlMkZlbWJlZCUzRnBiJTNEJTIxMW0xOCUyMTFtMTIlMjExbTMlMjExZDI5NjUuODg5NTM3NzkzNzUxNSUyMTJkMi44MTYwNDc0MTUwNjM4NDM1JTIxM2Q0MS45ODExODEzNjY5MzY2MyUyMTJtMyUyMTFmMCUyMTJmMCUyMTNmMCUyMTNtMiUyMTFpMTAyNCUyMTJpNzY4JTIxNGYxMy4xJTIxM20zJTIxMW0yJTIxMXMweDEyYmFlNmRmN2NhNzg1MjklMjUzQTB4ZWZiZTliYWNkZmE4NjY5MSUyMTJzUGxhJTI1QzMlMjVBN2ElMjUyMFBvZXRhJTI1MjBNYXJxdWluYSUyNTJDJTI1MjAzJTI1MkMlMjUyMDE3MDAyJTI1MjBHaXJvbmElMjE1ZTAlMjEzbTIlMjExc2VzJTIxMnNlcyUyMTR2MTYzNjk3NDE5NTk4OCUyMTVtMiUyMTFzZXMlMjEyc2VzJTIyJTIwd2lkdGglM0QlMjI0MDAlMjIlMjBoZWlnaHQlM0QlMjIzMDAlMjIlMjBzdHlsZSUzRCUyMmJvcmRlciUzQTAlM0IlMjIlMjBhbGxvd2Z1bGxzY3JlZW4lM0QlMjIlMjIlMjBsb2FkaW5nJTNEJTIybGF6eSUyMiUzRSUzQyUyRmlmcmFtZSUzRQ==&#8221;][vc_empty_space][\/vc_column_inner][vc_column_inner width=&#8221;1\/3&#8243;][vc_empty_space][vc_single_image image=&#8221;586&#8243; img_size=&#8221;full&#8221; alignment=&#8221;center&#8221; qode_css_animation=&#8221;&#8221;][vc_column_text el_class=&#8221;visitabuttonp&#8221;]<\/p>\n<p style=\"text-align: center;\"><strong>Dilluns a divendres:<\/strong> 10:00h a 20:00h<br \/>\n<strong>Dissabte i diumenge:<\/strong> Tancat<\/p>\n<p>[\/vc_column_text][vc_empty_space height=&#8221;50px&#8221;][vc_single_image image=&#8221;584&#8243; img_size=&#8221;full&#8221; alignment=&#8221;center&#8221; qode_css_animation=&#8221;&#8221;][vc_column_text el_class=&#8221;visitabuttonp&#8221;]<\/p>\n<p style=\"text-align: center;\"><strong>Tel\u00e8fon:<\/strong> 972 20 90 86<br \/>\n<strong>E-mail:<\/strong> Info@medicsintegralsalut.com<\/p>\n<p>[\/vc_column_text][vc_empty_space][\/vc_column_inner][vc_column_inner width=&#8221;1\/12&#8243;][\/vc_column_inner][\/vc_row_inner][\/vc_column][\/vc_row]<\/p>\n","protected":false},"excerpt":{"rendered":"<p>[vc_row css_animation=&#8221;&#8221; row_type=&#8221;row&#8221; use_row_as_full_screen_section=&#8221;no&#8221; type=&#8221;full_width&#8221; angled_section=&#8221;no&#8221; text_align=&#8221;left&#8221; video=&#8221;show_video&#8221; background_image_as_pattern=&#8221;without_pattern&#8221; z_index=&#8221;&#8221; background_image=&#8221;413&#8243; el_class=&#8221;visibility: hidden&#8221;][vc_column el_class=&#8221;visibility: hidden&#8221; offset=&#8221;vc_hidden-lg vc_hidden-md vc_hidden-sm vc_hidden-xs&#8221;][vc_empty_space height=&#8221;675px&#8221;][\/vc_column][\/vc_row][vc_row css_animation=&#8221;&#8221; row_type=&#8221;row&#8221; use_row_as_full_screen_section=&#8221;no&#8221; type=&#8221;full_width&#8221; angled_section=&#8221;no&#8221; text_align=&#8221;left&#8221; background_image_as_pattern=&#8221;without_pattern&#8221;][vc_column][vc_empty_space height=&#8221;70px&#8221;][vc_row_inner row_type=&#8221;row&#8221; type=&#8221;grid&#8221; text_align=&#8221;left&#8221; css_animation=&#8221;&#8221;][vc_column_inner][vc_column_text el_class=&#8221;h1-interno&#8221;] Tria estar a les millors mans. [\/vc_column_text][vc_separator type=&#8221;small&#8221; position=&#8221;center&#8221; color=&#8221;#f7b844&#8243;][vc_empty_space][\/vc_column_inner][\/vc_row_inner][\/vc_column][\/vc_row][vc_row css_animation=&#8221;&#8221; row_type=&#8221;row&#8221;&#8230;<\/p>\n","protected":false},"author":3,"featured_media":0,"parent":0,"menu_order":50,"comment_status":"closed","ping_status":"closed","template":"full_width.php","meta":{"footnotes":""},"class_list":["post-4137","page","type-page","status-publish","hentry"],"acf":[],"yoast_head":"<!-- This site is optimized with the Yoast SEO plugin v24.0 - https:\/\/yoast.com\/wordpress\/plugins\/seo\/ -->\n<title>Contacte - MedicsIntegralSalut<\/title>\n<meta name=\"robots\" content=\"index, follow, max-snippet:-1, max-image-preview:large, max-video-preview:-1\" \/>\n<link rel=\"canonical\" href=\"https:\/\/www.medicsintegralsalut.com\/ca\/contacte\/\" \/>\n<meta property=\"og:locale\" content=\"ca_ES\" \/>\n<meta property=\"og:type\" content=\"article\" \/>\n<meta property=\"og:title\" content=\"Contacte - MedicsIntegralSalut\" \/>\n<meta property=\"og:description\" content=\"[vc_row css_animation=&#8221;&#8221; row_type=&#8221;row&#8221; use_row_as_full_screen_section=&#8221;no&#8221; type=&#8221;full_width&#8221; angled_section=&#8221;no&#8221; text_align=&#8221;left&#8221; video=&#8221;show_video&#8221; background_image_as_pattern=&#8221;without_pattern&#8221; z_index=&#8221;&#8221; background_image=&#8221;413&#8243; el_class=&#8221;visibility: hidden&#8221;][vc_column el_class=&#8221;visibility: hidden&#8221; offset=&#8221;vc_hidden-lg vc_hidden-md vc_hidden-sm vc_hidden-xs&#8221;][vc_empty_space height=&#8221;675px&#8221;][\/vc_column][\/vc_row][vc_row css_animation=&#8221;&#8221; row_type=&#8221;row&#8221; use_row_as_full_screen_section=&#8221;no&#8221; type=&#8221;full_width&#8221; angled_section=&#8221;no&#8221; text_align=&#8221;left&#8221; background_image_as_pattern=&#8221;without_pattern&#8221;][vc_column][vc_empty_space height=&#8221;70px&#8221;][vc_row_inner row_type=&#8221;row&#8221; type=&#8221;grid&#8221; text_align=&#8221;left&#8221; css_animation=&#8221;&#8221;][vc_column_inner][vc_column_text el_class=&#8221;h1-interno&#8221;] Tria estar a les millors mans. [\/vc_column_text][vc_separator type=&#8221;small&#8221; position=&#8221;center&#8221; color=&#8221;#f7b844&#8243;][vc_empty_space][\/vc_column_inner][\/vc_row_inner][\/vc_column][\/vc_row][vc_row css_animation=&#8221;&#8221; row_type=&#8221;row&#8221;...\" \/>\n<meta property=\"og:url\" content=\"https:\/\/www.medicsintegralsalut.com\/ca\/contacte\/\" \/>\n<meta property=\"og:site_name\" content=\"MedicsIntegralSalut\" \/>\n<meta property=\"article:modified_time\" content=\"2022-08-22T09:27:11+00:00\" \/>\n<meta name=\"twitter:card\" content=\"summary_large_image\" \/>\n<meta name=\"twitter:label1\" content=\"Temps estimat de lectura\" \/>\n\t<meta name=\"twitter:data1\" content=\"4 minuts\" \/>\n<script type=\"application\/ld+json\" class=\"yoast-schema-graph\">{\"@context\":\"https:\/\/schema.org\",\"@graph\":[{\"@type\":\"WebPage\",\"@id\":\"https:\/\/www.medicsintegralsalut.com\/ca\/contacte\/\",\"url\":\"https:\/\/www.medicsintegralsalut.com\/ca\/contacte\/\",\"name\":\"Contacte - MedicsIntegralSalut\",\"isPartOf\":{\"@id\":\"https:\/\/www.medicsintegralsalut.com\/ca\/#website\"},\"datePublished\":\"2019-10-08T10:55:15+00:00\",\"dateModified\":\"2022-08-22T09:27:11+00:00\",\"breadcrumb\":{\"@id\":\"https:\/\/www.medicsintegralsalut.com\/ca\/contacte\/#breadcrumb\"},\"inLanguage\":\"ca\",\"potentialAction\":[{\"@type\":\"ReadAction\",\"target\":[\"https:\/\/www.medicsintegralsalut.com\/ca\/contacte\/\"]}]},{\"@type\":\"BreadcrumbList\",\"@id\":\"https:\/\/www.medicsintegralsalut.com\/ca\/contacte\/#breadcrumb\",\"itemListElement\":[{\"@type\":\"ListItem\",\"position\":1,\"name\":\"Portada\",\"item\":\"https:\/\/www.medicsintegralsalut.com\/ca\/\"},{\"@type\":\"ListItem\",\"position\":2,\"name\":\"Contacte\"}]},{\"@type\":\"WebSite\",\"@id\":\"https:\/\/www.medicsintegralsalut.com\/ca\/#website\",\"url\":\"https:\/\/www.medicsintegralsalut.com\/ca\/\",\"name\":\"MedicsIntegralSalut\",\"description\":\"Cirug\u00eda est\u00e9tica\",\"publisher\":{\"@id\":\"https:\/\/www.medicsintegralsalut.com\/ca\/#organization\"},\"potentialAction\":[{\"@type\":\"SearchAction\",\"target\":{\"@type\":\"EntryPoint\",\"urlTemplate\":\"https:\/\/www.medicsintegralsalut.com\/ca\/?s={search_term_string}\"},\"query-input\":{\"@type\":\"PropertyValueSpecification\",\"valueRequired\":true,\"valueName\":\"search_term_string\"}}],\"inLanguage\":\"ca\"},{\"@type\":\"Organization\",\"@id\":\"https:\/\/www.medicsintegralsalut.com\/ca\/#organization\",\"name\":\"MedicsIntegralSalut\",\"url\":\"https:\/\/www.medicsintegralsalut.com\/ca\/\",\"logo\":{\"@type\":\"ImageObject\",\"inLanguage\":\"ca\",\"@id\":\"https:\/\/www.medicsintegralsalut.com\/ca\/#\/schema\/logo\/image\/\",\"url\":\"https:\/\/www.medicsintegralsalut.com\/wp-content\/uploads\/2021\/12\/Logo-web-03_250.png\",\"contentUrl\":\"https:\/\/www.medicsintegralsalut.com\/wp-content\/uploads\/2021\/12\/Logo-web-03_250.png\",\"width\":250,\"height\":99,\"caption\":\"MedicsIntegralSalut\"},\"image\":{\"@id\":\"https:\/\/www.medicsintegralsalut.com\/ca\/#\/schema\/logo\/image\/\"}}]}<\/script>\n<!-- \/ Yoast SEO plugin. -->","yoast_head_json":{"title":"Contacte - MedicsIntegralSalut","robots":{"index":"index","follow":"follow","max-snippet":"max-snippet:-1","max-image-preview":"max-image-preview:large","max-video-preview":"max-video-preview:-1"},"canonical":"https:\/\/www.medicsintegralsalut.com\/ca\/contacte\/","og_locale":"ca_ES","og_type":"article","og_title":"Contacte - MedicsIntegralSalut","og_description":"[vc_row css_animation=&#8221;&#8221; row_type=&#8221;row&#8221; use_row_as_full_screen_section=&#8221;no&#8221; type=&#8221;full_width&#8221; angled_section=&#8221;no&#8221; text_align=&#8221;left&#8221; video=&#8221;show_video&#8221; background_image_as_pattern=&#8221;without_pattern&#8221; z_index=&#8221;&#8221; background_image=&#8221;413&#8243; el_class=&#8221;visibility: hidden&#8221;][vc_column el_class=&#8221;visibility: hidden&#8221; offset=&#8221;vc_hidden-lg vc_hidden-md vc_hidden-sm vc_hidden-xs&#8221;][vc_empty_space height=&#8221;675px&#8221;][\/vc_column][\/vc_row][vc_row css_animation=&#8221;&#8221; row_type=&#8221;row&#8221; use_row_as_full_screen_section=&#8221;no&#8221; type=&#8221;full_width&#8221; angled_section=&#8221;no&#8221; text_align=&#8221;left&#8221; background_image_as_pattern=&#8221;without_pattern&#8221;][vc_column][vc_empty_space height=&#8221;70px&#8221;][vc_row_inner row_type=&#8221;row&#8221; type=&#8221;grid&#8221; text_align=&#8221;left&#8221; css_animation=&#8221;&#8221;][vc_column_inner][vc_column_text el_class=&#8221;h1-interno&#8221;] Tria estar a les millors mans. [\/vc_column_text][vc_separator type=&#8221;small&#8221; position=&#8221;center&#8221; color=&#8221;#f7b844&#8243;][vc_empty_space][\/vc_column_inner][\/vc_row_inner][\/vc_column][\/vc_row][vc_row css_animation=&#8221;&#8221; row_type=&#8221;row&#8221;...","og_url":"https:\/\/www.medicsintegralsalut.com\/ca\/contacte\/","og_site_name":"MedicsIntegralSalut","article_modified_time":"2022-08-22T09:27:11+00:00","twitter_card":"summary_large_image","twitter_misc":{"Temps estimat de lectura":"4 minuts"},"schema":{"@context":"https:\/\/schema.org","@graph":[{"@type":"WebPage","@id":"https:\/\/www.medicsintegralsalut.com\/ca\/contacte\/","url":"https:\/\/www.medicsintegralsalut.com\/ca\/contacte\/","name":"Contacte - MedicsIntegralSalut","isPartOf":{"@id":"https:\/\/www.medicsintegralsalut.com\/ca\/#website"},"datePublished":"2019-10-08T10:55:15+00:00","dateModified":"2022-08-22T09:27:11+00:00","breadcrumb":{"@id":"https:\/\/www.medicsintegralsalut.com\/ca\/contacte\/#breadcrumb"},"inLanguage":"ca","potentialAction":[{"@type":"ReadAction","target":["https:\/\/www.medicsintegralsalut.com\/ca\/contacte\/"]}]},{"@type":"BreadcrumbList","@id":"https:\/\/www.medicsintegralsalut.com\/ca\/contacte\/#breadcrumb","itemListElement":[{"@type":"ListItem","position":1,"name":"Portada","item":"https:\/\/www.medicsintegralsalut.com\/ca\/"},{"@type":"ListItem","position":2,"name":"Contacte"}]},{"@type":"WebSite","@id":"https:\/\/www.medicsintegralsalut.com\/ca\/#website","url":"https:\/\/www.medicsintegralsalut.com\/ca\/","name":"MedicsIntegralSalut","description":"Cirug\u00eda est\u00e9tica","publisher":{"@id":"https:\/\/www.medicsintegralsalut.com\/ca\/#organization"},"potentialAction":[{"@type":"SearchAction","target":{"@type":"EntryPoint","urlTemplate":"https:\/\/www.medicsintegralsalut.com\/ca\/?s={search_term_string}"},"query-input":{"@type":"PropertyValueSpecification","valueRequired":true,"valueName":"search_term_string"}}],"inLanguage":"ca"},{"@type":"Organization","@id":"https:\/\/www.medicsintegralsalut.com\/ca\/#organization","name":"MedicsIntegralSalut","url":"https:\/\/www.medicsintegralsalut.com\/ca\/","logo":{"@type":"ImageObject","inLanguage":"ca","@id":"https:\/\/www.medicsintegralsalut.com\/ca\/#\/schema\/logo\/image\/","url":"https:\/\/www.medicsintegralsalut.com\/wp-content\/uploads\/2021\/12\/Logo-web-03_250.png","contentUrl":"https:\/\/www.medicsintegralsalut.com\/wp-content\/uploads\/2021\/12\/Logo-web-03_250.png","width":250,"height":99,"caption":"MedicsIntegralSalut"},"image":{"@id":"https:\/\/www.medicsintegralsalut.com\/ca\/#\/schema\/logo\/image\/"}}]}},"_links":{"self":[{"href":"https:\/\/www.medicsintegralsalut.com\/ca\/wp-json\/wp\/v2\/pages\/4137"}],"collection":[{"href":"https:\/\/www.medicsintegralsalut.com\/ca\/wp-json\/wp\/v2\/pages"}],"about":[{"href":"https:\/\/www.medicsintegralsalut.com\/ca\/wp-json\/wp\/v2\/types\/page"}],"author":[{"embeddable":true,"href":"https:\/\/www.medicsintegralsalut.com\/ca\/wp-json\/wp\/v2\/users\/3"}],"replies":[{"embeddable":true,"href":"https:\/\/www.medicsintegralsalut.com\/ca\/wp-json\/wp\/v2\/comments?post=4137"}],"version-history":[{"count":20,"href":"https:\/\/www.medicsintegralsalut.com\/ca\/wp-json\/wp\/v2\/pages\/4137\/revisions"}],"predecessor-version":[{"id":4851,"href":"https:\/\/www.medicsintegralsalut.com\/ca\/wp-json\/wp\/v2\/pages\/4137\/revisions\/4851"}],"wp:attachment":[{"href":"https:\/\/www.medicsintegralsalut.com\/ca\/wp-json\/wp\/v2\/media?parent=4137"}],"curies":[{"name":"wp","href":"https:\/\/api.w.org\/{rel}","templated":true}]}}