{"id":4140,"date":"2019-10-28T15:04:16","date_gmt":"2019-10-28T13:04:16","guid":{"rendered":"https:\/\/www.medicsintegralsalut.com\/avis-legal\/"},"modified":"2022-07-21T16:57:41","modified_gmt":"2022-07-21T14:57:41","slug":"avis-legal","status":"publish","type":"page","link":"https:\/\/www.medicsintegralsalut.com\/ca\/avis-legal\/","title":{"rendered":"Av\u00eds legal"},"content":{"rendered":"<p>[vc_row css_animation=&#8221;&#8221; row_type=&#8221;row&#8221; use_row_as_full_screen_section=&#8221;no&#8221; type=&#8221;full_width&#8221; angled_section=&#8221;no&#8221; text_align=&#8221;left&#8221; background_image_as_pattern=&#8221;without_pattern&#8221;][vc_column][vc_row_inner row_type=&#8221;row&#8221; type=&#8221;grid&#8221; text_align=&#8221;left&#8221; css_animation=&#8221;&#8221;][vc_column_inner][vc_column_text el_class=&#8221;h1-interno&#8221;]<\/p>\n<h1 style=\"text-align: center;\">Av\u00eds legal<\/h1>\n<p>[\/vc_column_text][vc_separator type=&#8221;small&#8221; position=&#8221;center&#8221; color=&#8221;#f7b844&#8243;][vc_empty_space][\/vc_column_inner][\/vc_row_inner][\/vc_column][\/vc_row][vc_row css_animation=&#8221;&#8221; row_type=&#8221;row&#8221; use_row_as_full_screen_section=&#8221;no&#8221; type=&#8221;full_width&#8221; angled_section=&#8221;no&#8221; text_align=&#8221;left&#8221; background_image_as_pattern=&#8221;without_pattern&#8221;][vc_column][vc_row_inner row_type=&#8221;row&#8221; type=&#8221;grid&#8221; text_align=&#8221;left&#8221; css_animation=&#8221;&#8221;][vc_column_inner][vc_column_text el_class=&#8221;h2-interno&#8221;]En virtut de la Llei 15\/1999, de 13 de desembre, sobre la protecci\u00f3 de dades de car\u00e0cter personal, us fem coneixedor que les vostres dades personals que poden estar en aquesta comunicaci\u00f3, estan incorporades en un fitxer automatitzat responsabilitat de l&#8217;empresa mercantil VIOLET GRUP MEDIC S.L., amb CIF: B-55216196, inscrita al Registre Mercantil de Girona, al Tom 22997, Foli 1, Full N\u00famero GI57301, Inscripci\u00f3 1, i amb domicili fiscal Pla\u00e7a Poeta Marquina 3.\u00a0 17002, GIRON<\/p>\n<h3>OBJECTE PRINCIPAL<\/h3>\n<p>facilitar als clients i al p\u00fablic en general la informaci\u00f3 relativa a l&#8217;empresa, als productes i serveis que s&#8217;hi ofereixen.<\/p>\n<h3>USUARI I R\u00c8GIM DE RESPONSABILITATS<\/h3>\n<p>La navegaci\u00f3, acc\u00e9s i \u00fas pel lloc web de VIOLET GRUP MEDIC SL confereix la condici\u00f3 d&#8217;usuari, per la qual s&#8217;accepten, des de la navegaci\u00f3 pel lloc web de VIOLET GRUP MEDIC SL, totes les condicions d&#8217;\u00fas establertes aqu\u00ed sense perjudici de l&#8217;aplicaci\u00f3 de la corresponent normativa de compliment legal obligat segons el cas.<\/p>\n<p>El lloc web de VIOLET GRUP MEDIC SL proporciona una gran diversitat d&#8217;informaci\u00f3, serveis i dades. L&#8217;usuari assumeix la responsabilitat en l&#8217;\u00fas correcte del lloc web. Aquesta responsabilitat s&#8217;estendr\u00e0 a: La veracitat i la licitud de les informacions aportades per l&#8217;usuari als formularis estesos per VIOLET GRUP MEDIC SL per a l&#8217;acc\u00e9s a certs continguts o serveis oferts pel web.<\/p>\n<p>L&#8217;\u00fas de la informaci\u00f3, serveis i dades ofertes per VIOLET GRUP MEDIC SL contr\u00e0riament al que disposen aquestes condicions, la Llei, la moral, els bons costums o l&#8217;ordre p\u00fablic, o que de qualsevol altra manera puguin suposar lesi\u00f3 dels drets de tercers o del mateix funcionament del lloc web.<\/p>\n<h3>POL\u00cdTICA D&#8217;ENLLA\u00c7OS I EXEMPCIONS DE RESPONSABILITAT<\/h3>\n<p>VIOLET GRUP MEDIC SL no es fa responsable del contingut dels llocs web als quals l&#8217;usuari pugui accedir a trav\u00e9s dels enlla\u00e7os establerts al seu lloc web i declara que en cap cas procedir\u00e0 a examinar o exercitar cap tipus de control sobre el contingut de altres llocs de la xarxa. Aix\u00ed mateix, tampoc garantir\u00e0 la disponibilitat t\u00e8cnica, exactitud, veracitat, validesa o legalitat de llocs aliens a la seva propietat a qu\u00e8 es pugui accedir per mitj\u00e0 dels enlla\u00e7os.<\/p>\n<p>VIOLET GRUP MEDIC SL declara haver adoptat totes les mesures necess\u00e0ries per evitar qualsevol dany als usuaris del vostre lloc web, que poguessin derivar-se de la navegaci\u00f3 pel seu lloc web.<\/p>\n<p>En conseq\u00fc\u00e8ncia, VIOLET GRUP MEDIC SL no es fa responsable, en cap cas, dels danys eventuals que per la navegaci\u00f3 per Internet pogu\u00e9s patir l&#8217;usuari.<\/p>\n<h3>MODIFICACIONS<\/h3>\n<p>VIOLET GRUP MEDIC SL es reserva el dret a realitzar les modificacions que consideri oportunes, sense av\u00eds previ, al contingut del seu lloc web. Tant pel que fa als continguts del lloc web, com a les condicions d&#8217;\u00fas del mateix, oa les condicions generals de contractaci\u00f3. Aquestes modificacions podran realitzar-se a trav\u00e9s del seu lloc web per qualsevol forma admissible en dret i seran de compliment obligat durant el temps en qu\u00e8 es trobin publicades al web i fins que no siguin modificades v\u00e0lidament per altres de posteriors.<\/p>\n<h3>PROPIETAT INTEL\u00b7LECTUAL I INDUSTRIAL<\/h3>\n<p>VIOLET GRUP MEDIC S.L. per si mateixa o com a cession\u00e0ria, \u00e9s titular de tots els drets de propietat intel\u00b7lectual i industrial de la seva p\u00e0gina web, aix\u00ed com dels elements continguts a la mateixa (a t\u00edtol enunciatiu, imatges, so, \u00e0udio, v\u00eddeo, programari o textos; marques o logotips, combinacions de colors, estructura i disseny, selecci\u00f3 de materials usats, programes dordinador necessaris per al seu funcionament, acc\u00e9s i \u00fas, etc.), titularitat de VIOLET GRUP MEDIC SL. Seran, per tant, obres protegides com a propietat intel\u00b7lectual per l&#8217;ordenament jur\u00eddic espanyol, i els seran aplicables tant la normativa espanyola i comunit\u00e0ria en aquest camp, com els tractats internacionals relatius a la mat\u00e8ria i subscrits per Espanya. Tots els drets reservats. En virtut del que disposa la Llei de propietat intel\u00b7lectual, queden expressament prohibides la reproducci\u00f3, la distribuci\u00f3 i la comunicaci\u00f3 p\u00fablica, inclosa la seva modalitat de posada a disposici\u00f3, de la totalitat o part dels continguts d&#8217;aquesta p\u00e0gina web, amb fins comercials, a qualsevol suport i per qualsevol mitj\u00e0 t\u00e8cnic, sense l&#8217;autoritzaci\u00f3 de VIOLET GRUP MEDIC SL. L&#8217;usuari es compromet a respectar els drets de propietat intel\u00b7lectual i industrial titularitat de VIOLET GRUP MEDIC SL. Podreu visualitzar els elements del portal i fins i tot imprimir-los, copiar-los i emmagatzemar-los al disc dur del vostre ordinador o en qualsevol altre suport f\u00edsic sempre que sigui, \u00fanica i exclusivament, per al seu \u00fas personal i privat. L&#8217;usuari haur\u00e0 d&#8217;abstenir-se de suprimir, alterar, eludir o manipular qualsevol dispositiu de protecci\u00f3 o sistema de seguretat que estigui instal\u00b7lat a les p\u00e0gines de VIOLET GRUP MEDIC SL.<\/p>\n<h3>CERTIFICAT SSL (SECURE SOCKETS LAYER)<\/h3>\n<p>El CERTIFICAT SSL proporciona autenticaci\u00f3, privadesa i seguretat de la informaci\u00f3 entre VIOLET GRUP MEDIC SL i l&#8217;usuari. VIOLET GRUP MEDIC SL disposa d&#8217;un certificat de seguretat que utilitza CERTIFICAT SSL per realitzar connexions segures. En aquest proc\u00e9s s&#8217;estableixen diversos par\u00e0metres per realitzar la connexi\u00f3 de manera segura i s&#8217;estableix usant claus preestablertes, codificant i descodificant totes les dades enviades fins que la connexi\u00f3 sigui tancada.<\/p>\n<h3>ACCIONS LEGALS, LEGISLACI\u00d3 APLICABLE I JURISDICCI\u00d3<\/h3>\n<p>VIOLET GRUP MEDIC SL es reserva, aix\u00ed mateix, la facultat de presentar les accions civils o penals que consideri oportunes per la utilitzaci\u00f3 indeguda del lloc web i continguts, o per l&#8217;incompliment de les presents condicions. La relaci\u00f3 entre l&#8217;usuari i el prestador es regir\u00e0 per la normativa vigent i aplicable al territori espanyol. Si sorgeix qualsevol controv\u00e8rsia les parts poden sotmetre els seus conflictes a arbitratge o acudir a la jurisdicci\u00f3 ordin\u00e0ria complint amb les normes sobre jurisdicci\u00f3 i compet\u00e8ncia sobre aix\u00f2. VIOLET GRUP MEDIC SL t\u00e9 el domicili a Girona, Espanya. Els contractes subscrits per via electr\u00f2nica en qu\u00e8 intervingui com a part un consumidor es presumiran subscrits al lloc on aquest tingui la seva resid\u00e8ncia habitual. Els contractes electr\u00f2nics entre empresaris o professionals, en defecte de pacte entre les parts, es presumiran subscrits al lloc on estigui establert el prestador de serveis. Resoluci\u00f3 de litigis en l\u00ednia d&#8217;acord amb l&#8217;Art. 14.1 del Reglament (UE) 524\/2013: La Comissi\u00f3 Europea facilita una plataforma de resoluci\u00f3 de litigis en l\u00ednia, la qual es troba disponible a l&#8217;enlla\u00e7 seg\u00fcent: https:\/\/ec.europa. eu\/consumers\/odr\/<\/p>\n<p>\u00daLTIMA ACTUALITZACI\u00d3: 2 d&#8217;agost del 2021[\/vc_column_text][\/vc_column_inner][\/vc_row_inner][vc_empty_space][\/vc_column][\/vc_row]<\/p>\n","protected":false},"excerpt":{"rendered":"<p>[vc_row css_animation=&#8221;&#8221; row_type=&#8221;row&#8221; use_row_as_full_screen_section=&#8221;no&#8221; type=&#8221;full_width&#8221; angled_section=&#8221;no&#8221; text_align=&#8221;left&#8221; background_image_as_pattern=&#8221;without_pattern&#8221;][vc_column][vc_row_inner row_type=&#8221;row&#8221; type=&#8221;grid&#8221; text_align=&#8221;left&#8221; css_animation=&#8221;&#8221;][vc_column_inner][vc_column_text el_class=&#8221;h1-interno&#8221;] Av\u00eds legal [\/vc_column_text][vc_separator type=&#8221;small&#8221; position=&#8221;center&#8221; color=&#8221;#f7b844&#8243;][vc_empty_space][\/vc_column_inner][\/vc_row_inner][\/vc_column][\/vc_row][vc_row css_animation=&#8221;&#8221; row_type=&#8221;row&#8221; use_row_as_full_screen_section=&#8221;no&#8221; type=&#8221;full_width&#8221; angled_section=&#8221;no&#8221; text_align=&#8221;left&#8221; background_image_as_pattern=&#8221;without_pattern&#8221;][vc_column][vc_row_inner row_type=&#8221;row&#8221; type=&#8221;grid&#8221; text_align=&#8221;left&#8221; css_animation=&#8221;&#8221;][vc_column_inner][vc_column_text el_class=&#8221;h2-interno&#8221;]En virtut de la Llei 15\/1999, de 13 de desembre, sobre la protecci\u00f3 de dades&#8230;<\/p>\n","protected":false},"author":3,"featured_media":0,"parent":0,"menu_order":99,"comment_status":"closed","ping_status":"closed","template":"full_width.php","meta":{"footnotes":""},"class_list":["post-4140","page","type-page","status-publish","hentry"],"acf":[],"yoast_head":"<!-- This site is optimized with the Yoast SEO plugin v24.0 - https:\/\/yoast.com\/wordpress\/plugins\/seo\/ -->\n<title>Av\u00eds legal - MedicsIntegralSalut<\/title>\n<meta name=\"robots\" content=\"index, follow, max-snippet:-1, max-image-preview:large, max-video-preview:-1\" \/>\n<link rel=\"canonical\" href=\"https:\/\/www.medicsintegralsalut.com\/ca\/avis-legal\/\" \/>\n<meta property=\"og:locale\" content=\"ca_ES\" \/>\n<meta property=\"og:type\" content=\"article\" \/>\n<meta property=\"og:title\" content=\"Av\u00eds legal - MedicsIntegralSalut\" \/>\n<meta property=\"og:description\" content=\"[vc_row css_animation=&#8221;&#8221; row_type=&#8221;row&#8221; use_row_as_full_screen_section=&#8221;no&#8221; type=&#8221;full_width&#8221; angled_section=&#8221;no&#8221; text_align=&#8221;left&#8221; background_image_as_pattern=&#8221;without_pattern&#8221;][vc_column][vc_row_inner row_type=&#8221;row&#8221; type=&#8221;grid&#8221; text_align=&#8221;left&#8221; css_animation=&#8221;&#8221;][vc_column_inner][vc_column_text el_class=&#8221;h1-interno&#8221;] Av\u00eds legal [\/vc_column_text][vc_separator type=&#8221;small&#8221; position=&#8221;center&#8221; color=&#8221;#f7b844&#8243;][vc_empty_space][\/vc_column_inner][\/vc_row_inner][\/vc_column][\/vc_row][vc_row css_animation=&#8221;&#8221; row_type=&#8221;row&#8221; use_row_as_full_screen_section=&#8221;no&#8221; type=&#8221;full_width&#8221; angled_section=&#8221;no&#8221; text_align=&#8221;left&#8221; background_image_as_pattern=&#8221;without_pattern&#8221;][vc_column][vc_row_inner row_type=&#8221;row&#8221; type=&#8221;grid&#8221; text_align=&#8221;left&#8221; css_animation=&#8221;&#8221;][vc_column_inner][vc_column_text el_class=&#8221;h2-interno&#8221;]En virtut de la Llei 15\/1999, de 13 de desembre, sobre la protecci\u00f3 de dades...\" \/>\n<meta property=\"og:url\" content=\"https:\/\/www.medicsintegralsalut.com\/ca\/avis-legal\/\" \/>\n<meta property=\"og:site_name\" content=\"MedicsIntegralSalut\" \/>\n<meta property=\"article:modified_time\" content=\"2022-07-21T14:57:41+00:00\" \/>\n<meta name=\"twitter:card\" content=\"summary_large_image\" \/>\n<meta name=\"twitter:label1\" content=\"Temps estimat de lectura\" \/>\n\t<meta name=\"twitter:data1\" content=\"6 minuts\" \/>\n<script type=\"application\/ld+json\" class=\"yoast-schema-graph\">{\"@context\":\"https:\/\/schema.org\",\"@graph\":[{\"@type\":\"WebPage\",\"@id\":\"https:\/\/www.medicsintegralsalut.com\/ca\/avis-legal\/\",\"url\":\"https:\/\/www.medicsintegralsalut.com\/ca\/avis-legal\/\",\"name\":\"Av\u00eds legal - MedicsIntegralSalut\",\"isPartOf\":{\"@id\":\"https:\/\/www.medicsintegralsalut.com\/ca\/#website\"},\"datePublished\":\"2019-10-28T13:04:16+00:00\",\"dateModified\":\"2022-07-21T14:57:41+00:00\",\"breadcrumb\":{\"@id\":\"https:\/\/www.medicsintegralsalut.com\/ca\/avis-legal\/#breadcrumb\"},\"inLanguage\":\"ca\",\"potentialAction\":[{\"@type\":\"ReadAction\",\"target\":[\"https:\/\/www.medicsintegralsalut.com\/ca\/avis-legal\/\"]}]},{\"@type\":\"BreadcrumbList\",\"@id\":\"https:\/\/www.medicsintegralsalut.com\/ca\/avis-legal\/#breadcrumb\",\"itemListElement\":[{\"@type\":\"ListItem\",\"position\":1,\"name\":\"Portada\",\"item\":\"https:\/\/www.medicsintegralsalut.com\/ca\/\"},{\"@type\":\"ListItem\",\"position\":2,\"name\":\"Av\u00eds legal\"}]},{\"@type\":\"WebSite\",\"@id\":\"https:\/\/www.medicsintegralsalut.com\/ca\/#website\",\"url\":\"https:\/\/www.medicsintegralsalut.com\/ca\/\",\"name\":\"MedicsIntegralSalut\",\"description\":\"Cirug\u00eda est\u00e9tica\",\"publisher\":{\"@id\":\"https:\/\/www.medicsintegralsalut.com\/ca\/#organization\"},\"potentialAction\":[{\"@type\":\"SearchAction\",\"target\":{\"@type\":\"EntryPoint\",\"urlTemplate\":\"https:\/\/www.medicsintegralsalut.com\/ca\/?s={search_term_string}\"},\"query-input\":{\"@type\":\"PropertyValueSpecification\",\"valueRequired\":true,\"valueName\":\"search_term_string\"}}],\"inLanguage\":\"ca\"},{\"@type\":\"Organization\",\"@id\":\"https:\/\/www.medicsintegralsalut.com\/ca\/#organization\",\"name\":\"MedicsIntegralSalut\",\"url\":\"https:\/\/www.medicsintegralsalut.com\/ca\/\",\"logo\":{\"@type\":\"ImageObject\",\"inLanguage\":\"ca\",\"@id\":\"https:\/\/www.medicsintegralsalut.com\/ca\/#\/schema\/logo\/image\/\",\"url\":\"https:\/\/www.medicsintegralsalut.com\/wp-content\/uploads\/2021\/12\/Logo-web-03_250.png\",\"contentUrl\":\"https:\/\/www.medicsintegralsalut.com\/wp-content\/uploads\/2021\/12\/Logo-web-03_250.png\",\"width\":250,\"height\":99,\"caption\":\"MedicsIntegralSalut\"},\"image\":{\"@id\":\"https:\/\/www.medicsintegralsalut.com\/ca\/#\/schema\/logo\/image\/\"}}]}<\/script>\n<!-- \/ Yoast SEO plugin. -->","yoast_head_json":{"title":"Av\u00eds legal - MedicsIntegralSalut","robots":{"index":"index","follow":"follow","max-snippet":"max-snippet:-1","max-image-preview":"max-image-preview:large","max-video-preview":"max-video-preview:-1"},"canonical":"https:\/\/www.medicsintegralsalut.com\/ca\/avis-legal\/","og_locale":"ca_ES","og_type":"article","og_title":"Av\u00eds legal - MedicsIntegralSalut","og_description":"[vc_row css_animation=&#8221;&#8221; row_type=&#8221;row&#8221; use_row_as_full_screen_section=&#8221;no&#8221; type=&#8221;full_width&#8221; angled_section=&#8221;no&#8221; text_align=&#8221;left&#8221; background_image_as_pattern=&#8221;without_pattern&#8221;][vc_column][vc_row_inner row_type=&#8221;row&#8221; type=&#8221;grid&#8221; text_align=&#8221;left&#8221; css_animation=&#8221;&#8221;][vc_column_inner][vc_column_text el_class=&#8221;h1-interno&#8221;] Av\u00eds legal [\/vc_column_text][vc_separator type=&#8221;small&#8221; position=&#8221;center&#8221; color=&#8221;#f7b844&#8243;][vc_empty_space][\/vc_column_inner][\/vc_row_inner][\/vc_column][\/vc_row][vc_row css_animation=&#8221;&#8221; row_type=&#8221;row&#8221; use_row_as_full_screen_section=&#8221;no&#8221; type=&#8221;full_width&#8221; angled_section=&#8221;no&#8221; text_align=&#8221;left&#8221; background_image_as_pattern=&#8221;without_pattern&#8221;][vc_column][vc_row_inner row_type=&#8221;row&#8221; type=&#8221;grid&#8221; text_align=&#8221;left&#8221; css_animation=&#8221;&#8221;][vc_column_inner][vc_column_text el_class=&#8221;h2-interno&#8221;]En virtut de la Llei 15\/1999, de 13 de desembre, sobre la protecci\u00f3 de dades...","og_url":"https:\/\/www.medicsintegralsalut.com\/ca\/avis-legal\/","og_site_name":"MedicsIntegralSalut","article_modified_time":"2022-07-21T14:57:41+00:00","twitter_card":"summary_large_image","twitter_misc":{"Temps estimat de lectura":"6 minuts"},"schema":{"@context":"https:\/\/schema.org","@graph":[{"@type":"WebPage","@id":"https:\/\/www.medicsintegralsalut.com\/ca\/avis-legal\/","url":"https:\/\/www.medicsintegralsalut.com\/ca\/avis-legal\/","name":"Av\u00eds legal - MedicsIntegralSalut","isPartOf":{"@id":"https:\/\/www.medicsintegralsalut.com\/ca\/#website"},"datePublished":"2019-10-28T13:04:16+00:00","dateModified":"2022-07-21T14:57:41+00:00","breadcrumb":{"@id":"https:\/\/www.medicsintegralsalut.com\/ca\/avis-legal\/#breadcrumb"},"inLanguage":"ca","potentialAction":[{"@type":"ReadAction","target":["https:\/\/www.medicsintegralsalut.com\/ca\/avis-legal\/"]}]},{"@type":"BreadcrumbList","@id":"https:\/\/www.medicsintegralsalut.com\/ca\/avis-legal\/#breadcrumb","itemListElement":[{"@type":"ListItem","position":1,"name":"Portada","item":"https:\/\/www.medicsintegralsalut.com\/ca\/"},{"@type":"ListItem","position":2,"name":"Av\u00eds legal"}]},{"@type":"WebSite","@id":"https:\/\/www.medicsintegralsalut.com\/ca\/#website","url":"https:\/\/www.medicsintegralsalut.com\/ca\/","name":"MedicsIntegralSalut","description":"Cirug\u00eda est\u00e9tica","publisher":{"@id":"https:\/\/www.medicsintegralsalut.com\/ca\/#organization"},"potentialAction":[{"@type":"SearchAction","target":{"@type":"EntryPoint","urlTemplate":"https:\/\/www.medicsintegralsalut.com\/ca\/?s={search_term_string}"},"query-input":{"@type":"PropertyValueSpecification","valueRequired":true,"valueName":"search_term_string"}}],"inLanguage":"ca"},{"@type":"Organization","@id":"https:\/\/www.medicsintegralsalut.com\/ca\/#organization","name":"MedicsIntegralSalut","url":"https:\/\/www.medicsintegralsalut.com\/ca\/","logo":{"@type":"ImageObject","inLanguage":"ca","@id":"https:\/\/www.medicsintegralsalut.com\/ca\/#\/schema\/logo\/image\/","url":"https:\/\/www.medicsintegralsalut.com\/wp-content\/uploads\/2021\/12\/Logo-web-03_250.png","contentUrl":"https:\/\/www.medicsintegralsalut.com\/wp-content\/uploads\/2021\/12\/Logo-web-03_250.png","width":250,"height":99,"caption":"MedicsIntegralSalut"},"image":{"@id":"https:\/\/www.medicsintegralsalut.com\/ca\/#\/schema\/logo\/image\/"}}]}},"_links":{"self":[{"href":"https:\/\/www.medicsintegralsalut.com\/ca\/wp-json\/wp\/v2\/pages\/4140"}],"collection":[{"href":"https:\/\/www.medicsintegralsalut.com\/ca\/wp-json\/wp\/v2\/pages"}],"about":[{"href":"https:\/\/www.medicsintegralsalut.com\/ca\/wp-json\/wp\/v2\/types\/page"}],"author":[{"embeddable":true,"href":"https:\/\/www.medicsintegralsalut.com\/ca\/wp-json\/wp\/v2\/users\/3"}],"replies":[{"embeddable":true,"href":"https:\/\/www.medicsintegralsalut.com\/ca\/wp-json\/wp\/v2\/comments?post=4140"}],"version-history":[{"count":2,"href":"https:\/\/www.medicsintegralsalut.com\/ca\/wp-json\/wp\/v2\/pages\/4140\/revisions"}],"predecessor-version":[{"id":4142,"href":"https:\/\/www.medicsintegralsalut.com\/ca\/wp-json\/wp\/v2\/pages\/4140\/revisions\/4142"}],"wp:attachment":[{"href":"https:\/\/www.medicsintegralsalut.com\/ca\/wp-json\/wp\/v2\/media?parent=4140"}],"curies":[{"name":"wp","href":"https:\/\/api.w.org\/{rel}","templated":true}]}}